{"id":5176,"date":"2020-05-18T03:57:51","date_gmt":"2020-05-18T00:57:51","guid":{"rendered":"https:\/\/ansdanismanlik.com\/en\/?page_id=5176"},"modified":"2020-05-21T21:52:07","modified_gmt":"2020-05-21T18:52:07","slug":"bike2school","status":"publish","type":"page","link":"https:\/\/ansdanismanlik.com\/en\/references\/our-projects\/bike2school","title":{"rendered":"Bike2School"},"content":{"rendered":"<p><img loading=\"lazy\" decoding=\"async\" class=\"alignnone size-full wp-image-5186\" src=\"https:\/\/ansdanismanlik.com\/en\/wp-content\/uploads\/2020-05-18_03-55-16.jpg\" alt=\"\" width=\"408\" height=\"225\" srcset=\"https:\/\/ansdanismanlik.com\/en\/wp-content\/uploads\/2020-05-18_03-55-16.jpg 408w, https:\/\/ansdanismanlik.com\/en\/wp-content\/uploads\/2020-05-18_03-55-16-200x110.jpg 200w\" sizes=\"auto, (max-width: 408px) 100vw, 408px\" \/><\/p>\n<p><strong>BIKE2SCHOOL<\/strong><\/p>\n<p><strong>2019-1-UK01-KA229-061403<\/strong><\/p>\n<p><strong>Erasmus+ KA229- School Education Strategic Partnership<\/strong><\/p>\n<p><strong>2019-2021<\/strong><\/p>\n<p>Levels of walking and biking to school are decreasing in many European countries. The main reason of decreasing the levels of biking to school is that more and more children are transported to their school by their parents\u2019 cars or the school buses. These modes of transport to school have some negative effects such as lack of physical activity, obesity, air pollution, lack of confidence and independent skills and expensive modes of transport.<\/p>\n<p>Such negative effects are also common to the 5 partner schools in this project. We know that it is a global challenge that needs local solutions. Therefore we came together and designed our project: Bike2school. The internationality of this project will allow the exchange of best practices and new ideas among partner countries to promote Bike-friendly schools for healthier, educated and more environment-friendly generations across Europe.<\/p>\n<p>For this project our OBJECTIVES:<\/p>\n<p>-To inculcate school community with the benefits of Bike2school regarding health, environment, self-development and economy,<\/p>\n<p>-To obtain theoretical and practical skills for pupils and teachers to carry out Safe Biking Program in their schools,<\/p>\n<p>-To equip pupils with theoretical and practical Traffic Rules and Safe Biking skills,<\/p>\n<p>-To give responsibility to school community in Environment-friendly activities to raise awareness on the Environment Issues and Global Warming,<\/p>\n<p>-To develop pupils\u2019 physical power, self-confidence, responsibility, independence, problem-solving, communicative and competitive skills,<\/p>\n<p>-To encourage pupils to work and produce together with their schoolmates and with other partner countries\u2019 students using ICT, foreign language, communication and teamwork skills,<\/p>\n<p>-To enrich teachers\u2019 mutual exchange with partner schools\u2019 teachers to gain new ideas and insights in order to promote Bike2school across Europe,<\/p>\n<p>To achieve these objectives, we will organize 3 short term staff training and 2 short term exchange of pupils\u2019 mobility.<\/p>\n<p><strong>Project Coordinator:<\/strong><\/p>\n<p>Glengormley Integrated Primary School-NORTHERN IRELAND<\/p>\n<p><strong>Project partners:<\/strong><\/p>\n<p>Osnovna \u0161kola Hugo Badali\u0107-CROATIA<\/p>\n<p>Ejerslykkeskolen-DENMARK<\/p>\n<p>B\u00e1n Zsigmond Reform\u00e1tus \u00c1ltal\u00e1nos Iskola, Alapfok\u00fa M\u0171v\u00e9szetoktat\u00e1si Int\u00e9zm\u00e9ny \u00e9s \u00d3voda-HUNGARY<\/p>\n<p>Osman Ali Cing\u00f6z Ortaokulu-TURKEY<\/p>\n<p>&nbsp;<\/p>\n<div class=\"relative-container\"><ul class=\"large-block-grid-3 rockthemes-wp-gallery\">\r\n\t\t\t\t<li><div class=\"relative-container rockthemes-hover azoom-small-box-shadow\"><img loading=\"lazy\" decoding=\"async\" width=\"478\" height=\"359\" src=\"https:\/\/ansdanismanlik.com\/en\/wp-content\/uploads\/2020-05-18_03-55-51.jpg\" class=\"attachment-main_medium size-main_medium\" alt=\"\" srcset=\"https:\/\/ansdanismanlik.com\/en\/wp-content\/uploads\/2020-05-18_03-55-51.jpg 478w, https:\/\/ansdanismanlik.com\/en\/wp-content\/uploads\/2020-05-18_03-55-51-200x150.jpg 200w, https:\/\/ansdanismanlik.com\/en\/wp-content\/uploads\/2020-05-18_03-55-51-360x270.jpg 360w\" sizes=\"auto, (max-width: 478px) 100vw, 478px\" \/>\r\n\t\t\t\t<div class=\"azoom-hover-container azoom-transition \">\r\n\t\t\t\r\n\t\t\t\t\t<div class=\"azoom-hover-effect\">\r\n\t\t\t\t\t\t<ul>\r\n\t\t\t\r\n\t\t\t\t<li class=\"rockthemes-hover-icon\">\t\t\t\r\n\t\t\t\t\t<a href=\"https:\/\/ansdanismanlik.com\/en\/wp-content\/uploads\/2020-05-18_03-55-51.jpg\" data-rel=\"prettyPhoto[lightbox_gallery_0]\">\r\n\t\t\t\t\t\t<i class=\"icomoon icomoon-icon-camera\"><\/i>\r\n\t\t\t\t\t<\/a>\r\n\t\t\t\t<\/li>\r\n\t\t\t\r\n\t\t\t\t<li class=\"rockthemes-hover-icon azoom-love-icon\" data-post-id=\"5188\">\t\t\t\r\n\t\t\t\t\t<a class=\"azoom-like\">\r\n\t\t\t\t\t\t<i class=\"icomoon icomoon-icon-heart\"><\/i>\r\n\t\t\t\t\t<\/a>\r\n\t\t\t\t<\/li>\r\n\t\t\t\r\n\t\t\t\t<li class=\"rockthemes-hover-icon right link-elem\">\r\n\t\t\t\t\t<a href=\"https:\/\/ansdanismanlik.com\/en\/references\/our-projects\/bike2school\/attachment\/2020-05-18_03-55-51\">\r\n\t\t\t\t\t\t<i class=\"icomoon icomoon-icon-next15 animate-icon animate-to-right\"><\/i>\r\n\t\t\t\t\t<\/a>\r\n\t\t\t\t<\/li>\r\n\t\t\t\t\r\n\t\t\t\t\t<\/ul>\r\n\t\t\t\t<\/div>\r\n\t\t\t<\/div>\r\n\t\t\t<\/div><\/li>\r\n\t\t\t\r\n\t\t\t\t<li><div class=\"relative-container rockthemes-hover azoom-small-box-shadow\"><img loading=\"lazy\" decoding=\"async\" width=\"515\" height=\"382\" src=\"https:\/\/ansdanismanlik.com\/en\/wp-content\/uploads\/2020-05-18_03-55-57.jpg\" class=\"attachment-main_medium size-main_medium\" alt=\"\" srcset=\"https:\/\/ansdanismanlik.com\/en\/wp-content\/uploads\/2020-05-18_03-55-57.jpg 515w, https:\/\/ansdanismanlik.com\/en\/wp-content\/uploads\/2020-05-18_03-55-57-200x148.jpg 200w\" sizes=\"auto, (max-width: 515px) 100vw, 515px\" \/>\r\n\t\t\t\t<div class=\"azoom-hover-container azoom-transition \">\r\n\t\t\t\r\n\t\t\t\t\t<div class=\"azoom-hover-effect\">\r\n\t\t\t\t\t\t<ul>\r\n\t\t\t\r\n\t\t\t\t<li class=\"rockthemes-hover-icon\">\t\t\t\r\n\t\t\t\t\t<a href=\"https:\/\/ansdanismanlik.com\/en\/wp-content\/uploads\/2020-05-18_03-55-57.jpg\" data-rel=\"prettyPhoto[lightbox_gallery_0]\">\r\n\t\t\t\t\t\t<i class=\"icomoon icomoon-icon-camera\"><\/i>\r\n\t\t\t\t\t<\/a>\r\n\t\t\t\t<\/li>\r\n\t\t\t\r\n\t\t\t\t<li class=\"rockthemes-hover-icon azoom-love-icon\" data-post-id=\"5190\">\t\t\t\r\n\t\t\t\t\t<a class=\"azoom-like\">\r\n\t\t\t\t\t\t<i class=\"icomoon icomoon-icon-heart\"><\/i>\r\n\t\t\t\t\t<\/a>\r\n\t\t\t\t<\/li>\r\n\t\t\t\r\n\t\t\t\t<li class=\"rockthemes-hover-icon right link-elem\">\r\n\t\t\t\t\t<a href=\"https:\/\/ansdanismanlik.com\/en\/references\/our-projects\/bike2school\/attachment\/2020-05-18_03-55-57\">\r\n\t\t\t\t\t\t<i class=\"icomoon icomoon-icon-next15 animate-icon animate-to-right\"><\/i>\r\n\t\t\t\t\t<\/a>\r\n\t\t\t\t<\/li>\r\n\t\t\t\t\r\n\t\t\t\t\t<\/ul>\r\n\t\t\t\t<\/div>\r\n\t\t\t<\/div>\r\n\t\t\t<\/div><\/li>\r\n\t\t\t\r\n\t\t\t\t<li><div class=\"relative-container rockthemes-hover azoom-small-box-shadow\"><img loading=\"lazy\" decoding=\"async\" width=\"492\" height=\"370\" src=\"https:\/\/ansdanismanlik.com\/en\/wp-content\/uploads\/2020-05-18_03-56-02.jpg\" class=\"attachment-main_medium size-main_medium\" alt=\"\" srcset=\"https:\/\/ansdanismanlik.com\/en\/wp-content\/uploads\/2020-05-18_03-56-02.jpg 492w, https:\/\/ansdanismanlik.com\/en\/wp-content\/uploads\/2020-05-18_03-56-02-200x150.jpg 200w, https:\/\/ansdanismanlik.com\/en\/wp-content\/uploads\/2020-05-18_03-56-02-360x270.jpg 360w\" sizes=\"auto, (max-width: 492px) 100vw, 492px\" \/>\r\n\t\t\t\t<div class=\"azoom-hover-container azoom-transition \">\r\n\t\t\t\r\n\t\t\t\t\t<div class=\"azoom-hover-effect\">\r\n\t\t\t\t\t\t<ul>\r\n\t\t\t\r\n\t\t\t\t<li class=\"rockthemes-hover-icon\">\t\t\t\r\n\t\t\t\t\t<a href=\"https:\/\/ansdanismanlik.com\/en\/wp-content\/uploads\/2020-05-18_03-56-02.jpg\" data-rel=\"prettyPhoto[lightbox_gallery_0]\">\r\n\t\t\t\t\t\t<i class=\"icomoon icomoon-icon-camera\"><\/i>\r\n\t\t\t\t\t<\/a>\r\n\t\t\t\t<\/li>\r\n\t\t\t\r\n\t\t\t\t<li class=\"rockthemes-hover-icon azoom-love-icon\" data-post-id=\"5192\">\t\t\t\r\n\t\t\t\t\t<a class=\"azoom-like\">\r\n\t\t\t\t\t\t<i class=\"icomoon icomoon-icon-heart\"><\/i>\r\n\t\t\t\t\t<\/a>\r\n\t\t\t\t<\/li>\r\n\t\t\t\r\n\t\t\t\t<li class=\"rockthemes-hover-icon right link-elem\">\r\n\t\t\t\t\t<a href=\"https:\/\/ansdanismanlik.com\/en\/references\/our-projects\/bike2school\/attachment\/2020-05-18_03-56-02\">\r\n\t\t\t\t\t\t<i class=\"icomoon icomoon-icon-next15 animate-icon animate-to-right\"><\/i>\r\n\t\t\t\t\t<\/a>\r\n\t\t\t\t<\/li>\r\n\t\t\t\t\r\n\t\t\t\t\t<\/ul>\r\n\t\t\t\t<\/div>\r\n\t\t\t<\/div>\r\n\t\t\t<\/div><\/li>\r\n\t\t\t\r\n\t\t\t\t<li><div class=\"relative-container rockthemes-hover azoom-small-box-shadow\"><img loading=\"lazy\" decoding=\"async\" width=\"413\" height=\"309\" src=\"https:\/\/ansdanismanlik.com\/en\/wp-content\/uploads\/2020-05-18_03-56-08.jpg\" class=\"attachment-main_medium size-main_medium\" alt=\"\" srcset=\"https:\/\/ansdanismanlik.com\/en\/wp-content\/uploads\/2020-05-18_03-56-08.jpg 413w, https:\/\/ansdanismanlik.com\/en\/wp-content\/uploads\/2020-05-18_03-56-08-200x150.jpg 200w, https:\/\/ansdanismanlik.com\/en\/wp-content\/uploads\/2020-05-18_03-56-08-360x270.jpg 360w\" sizes=\"auto, (max-width: 413px) 100vw, 413px\" \/>\r\n\t\t\t\t<div class=\"azoom-hover-container azoom-transition \">\r\n\t\t\t\r\n\t\t\t\t\t<div class=\"azoom-hover-effect\">\r\n\t\t\t\t\t\t<ul>\r\n\t\t\t\r\n\t\t\t\t<li class=\"rockthemes-hover-icon\">\t\t\t\r\n\t\t\t\t\t<a href=\"https:\/\/ansdanismanlik.com\/en\/wp-content\/uploads\/2020-05-18_03-56-08.jpg\" data-rel=\"prettyPhoto[lightbox_gallery_0]\">\r\n\t\t\t\t\t\t<i class=\"icomoon icomoon-icon-camera\"><\/i>\r\n\t\t\t\t\t<\/a>\r\n\t\t\t\t<\/li>\r\n\t\t\t\r\n\t\t\t\t<li class=\"rockthemes-hover-icon azoom-love-icon\" data-post-id=\"5194\">\t\t\t\r\n\t\t\t\t\t<a class=\"azoom-like\">\r\n\t\t\t\t\t\t<i class=\"icomoon icomoon-icon-heart\"><\/i>\r\n\t\t\t\t\t<\/a>\r\n\t\t\t\t<\/li>\r\n\t\t\t\r\n\t\t\t\t<li class=\"rockthemes-hover-icon right link-elem\">\r\n\t\t\t\t\t<a href=\"https:\/\/ansdanismanlik.com\/en\/references\/our-projects\/bike2school\/attachment\/2020-05-18_03-56-08\">\r\n\t\t\t\t\t\t<i class=\"icomoon icomoon-icon-next15 animate-icon animate-to-right\"><\/i>\r\n\t\t\t\t\t<\/a>\r\n\t\t\t\t<\/li>\r\n\t\t\t\t\r\n\t\t\t\t\t<\/ul>\r\n\t\t\t\t<\/div>\r\n\t\t\t<\/div>\r\n\t\t\t<\/div><\/li>\r\n\t\t\t\r\n\t\t\t\t<li><div class=\"relative-container rockthemes-hover azoom-small-box-shadow\"><img loading=\"lazy\" decoding=\"async\" width=\"340\" height=\"254\" src=\"https:\/\/ansdanismanlik.com\/en\/wp-content\/uploads\/2020-05-18_03-56-14.jpg\" class=\"attachment-main_medium size-main_medium\" alt=\"\" srcset=\"https:\/\/ansdanismanlik.com\/en\/wp-content\/uploads\/2020-05-18_03-56-14.jpg 340w, https:\/\/ansdanismanlik.com\/en\/wp-content\/uploads\/2020-05-18_03-56-14-200x150.jpg 200w\" sizes=\"auto, (max-width: 340px) 100vw, 340px\" \/>\r\n\t\t\t\t<div class=\"azoom-hover-container azoom-transition \">\r\n\t\t\t\r\n\t\t\t\t\t<div class=\"azoom-hover-effect\">\r\n\t\t\t\t\t\t<ul>\r\n\t\t\t\r\n\t\t\t\t<li class=\"rockthemes-hover-icon\">\t\t\t\r\n\t\t\t\t\t<a href=\"https:\/\/ansdanismanlik.com\/en\/wp-content\/uploads\/2020-05-18_03-56-14.jpg\" data-rel=\"prettyPhoto[lightbox_gallery_0]\">\r\n\t\t\t\t\t\t<i class=\"icomoon icomoon-icon-camera\"><\/i>\r\n\t\t\t\t\t<\/a>\r\n\t\t\t\t<\/li>\r\n\t\t\t\r\n\t\t\t\t<li class=\"rockthemes-hover-icon azoom-love-icon\" data-post-id=\"5196\">\t\t\t\r\n\t\t\t\t\t<a class=\"azoom-like\">\r\n\t\t\t\t\t\t<i class=\"icomoon icomoon-icon-heart\"><\/i>\r\n\t\t\t\t\t<\/a>\r\n\t\t\t\t<\/li>\r\n\t\t\t\r\n\t\t\t\t<li class=\"rockthemes-hover-icon right link-elem\">\r\n\t\t\t\t\t<a href=\"https:\/\/ansdanismanlik.com\/en\/references\/our-projects\/bike2school\/attachment\/2020-05-18_03-56-14\">\r\n\t\t\t\t\t\t<i class=\"icomoon icomoon-icon-next15 animate-icon animate-to-right\"><\/i>\r\n\t\t\t\t\t<\/a>\r\n\t\t\t\t<\/li>\r\n\t\t\t\t\r\n\t\t\t\t\t<\/ul>\r\n\t\t\t\t<\/div>\r\n\t\t\t<\/div>\r\n\t\t\t<\/div><\/li>\r\n\t\t\t\r\n\t\t\t\t<li><div class=\"relative-container rockthemes-hover azoom-small-box-shadow\"><img loading=\"lazy\" decoding=\"async\" width=\"294\" height=\"399\" src=\"https:\/\/ansdanismanlik.com\/en\/wp-content\/uploads\/2020-05-18_03-56-20.jpg\" class=\"attachment-main_medium size-main_medium\" alt=\"\" srcset=\"https:\/\/ansdanismanlik.com\/en\/wp-content\/uploads\/2020-05-18_03-56-20.jpg 294w, https:\/\/ansdanismanlik.com\/en\/wp-content\/uploads\/2020-05-18_03-56-20-111x150.jpg 111w\" sizes=\"auto, (max-width: 294px) 100vw, 294px\" \/>\r\n\t\t\t\t<div class=\"azoom-hover-container azoom-transition \">\r\n\t\t\t\r\n\t\t\t\t\t<div class=\"azoom-hover-effect\">\r\n\t\t\t\t\t\t<ul>\r\n\t\t\t\r\n\t\t\t\t<li class=\"rockthemes-hover-icon\">\t\t\t\r\n\t\t\t\t\t<a href=\"https:\/\/ansdanismanlik.com\/en\/wp-content\/uploads\/2020-05-18_03-56-20.jpg\" data-rel=\"prettyPhoto[lightbox_gallery_0]\">\r\n\t\t\t\t\t\t<i class=\"icomoon icomoon-icon-camera\"><\/i>\r\n\t\t\t\t\t<\/a>\r\n\t\t\t\t<\/li>\r\n\t\t\t\r\n\t\t\t\t<li class=\"rockthemes-hover-icon azoom-love-icon\" data-post-id=\"5198\">\t\t\t\r\n\t\t\t\t\t<a class=\"azoom-like\">\r\n\t\t\t\t\t\t<i class=\"icomoon icomoon-icon-heart\"><\/i>\r\n\t\t\t\t\t<\/a>\r\n\t\t\t\t<\/li>\r\n\t\t\t\r\n\t\t\t\t<li class=\"rockthemes-hover-icon right link-elem\">\r\n\t\t\t\t\t<a href=\"https:\/\/ansdanismanlik.com\/en\/references\/our-projects\/bike2school\/attachment\/2020-05-18_03-56-20\">\r\n\t\t\t\t\t\t<i class=\"icomoon icomoon-icon-next15 animate-icon animate-to-right\"><\/i>\r\n\t\t\t\t\t<\/a>\r\n\t\t\t\t<\/li>\r\n\t\t\t\t\r\n\t\t\t\t\t<\/ul>\r\n\t\t\t\t<\/div>\r\n\t\t\t<\/div>\r\n\t\t\t<\/div><\/li>\r\n\t\t\t\r\n\t\t\t\t<li><div class=\"relative-container rockthemes-hover azoom-small-box-shadow\"><img loading=\"lazy\" decoding=\"async\" width=\"540\" height=\"405\" src=\"https:\/\/ansdanismanlik.com\/en\/wp-content\/uploads\/2020-05-18_03-56-26-540x405.jpg\" class=\"attachment-main_medium size-main_medium\" alt=\"\" srcset=\"https:\/\/ansdanismanlik.com\/en\/wp-content\/uploads\/2020-05-18_03-56-26-540x405.jpg 540w, https:\/\/ansdanismanlik.com\/en\/wp-content\/uploads\/2020-05-18_03-56-26-200x150.jpg 200w, https:\/\/ansdanismanlik.com\/en\/wp-content\/uploads\/2020-05-18_03-56-26-360x270.jpg 360w\" sizes=\"auto, (max-width: 540px) 100vw, 540px\" \/>\r\n\t\t\t\t<div class=\"azoom-hover-container azoom-transition \">\r\n\t\t\t\r\n\t\t\t\t\t<div class=\"azoom-hover-effect\">\r\n\t\t\t\t\t\t<ul>\r\n\t\t\t\r\n\t\t\t\t<li class=\"rockthemes-hover-icon\">\t\t\t\r\n\t\t\t\t\t<a href=\"https:\/\/ansdanismanlik.com\/en\/wp-content\/uploads\/2020-05-18_03-56-26.jpg\" data-rel=\"prettyPhoto[lightbox_gallery_0]\">\r\n\t\t\t\t\t\t<i class=\"icomoon icomoon-icon-camera\"><\/i>\r\n\t\t\t\t\t<\/a>\r\n\t\t\t\t<\/li>\r\n\t\t\t\r\n\t\t\t\t<li class=\"rockthemes-hover-icon azoom-love-icon\" data-post-id=\"5200\">\t\t\t\r\n\t\t\t\t\t<a class=\"azoom-like\">\r\n\t\t\t\t\t\t<i class=\"icomoon icomoon-icon-heart\"><\/i>\r\n\t\t\t\t\t<\/a>\r\n\t\t\t\t<\/li>\r\n\t\t\t\r\n\t\t\t\t<li class=\"rockthemes-hover-icon right link-elem\">\r\n\t\t\t\t\t<a href=\"https:\/\/ansdanismanlik.com\/en\/references\/our-projects\/bike2school\/attachment\/2020-05-18_03-56-26\">\r\n\t\t\t\t\t\t<i class=\"icomoon icomoon-icon-next15 animate-icon animate-to-right\"><\/i>\r\n\t\t\t\t\t<\/a>\r\n\t\t\t\t<\/li>\r\n\t\t\t\t\r\n\t\t\t\t\t<\/ul>\r\n\t\t\t\t<\/div>\r\n\t\t\t<\/div>\r\n\t\t\t<\/div><\/li>\r\n\t\t\t\r\n\t\t\t\t<li><div class=\"relative-container rockthemes-hover azoom-small-box-shadow\"><img loading=\"lazy\" decoding=\"async\" width=\"540\" height=\"405\" src=\"https:\/\/ansdanismanlik.com\/en\/wp-content\/uploads\/2020-05-18_03-56-32-540x405.jpg\" class=\"attachment-main_medium size-main_medium\" alt=\"\" srcset=\"https:\/\/ansdanismanlik.com\/en\/wp-content\/uploads\/2020-05-18_03-56-32-540x405.jpg 540w, https:\/\/ansdanismanlik.com\/en\/wp-content\/uploads\/2020-05-18_03-56-32-200x150.jpg 200w, https:\/\/ansdanismanlik.com\/en\/wp-content\/uploads\/2020-05-18_03-56-32-360x270.jpg 360w\" sizes=\"auto, (max-width: 540px) 100vw, 540px\" \/>\r\n\t\t\t\t<div class=\"azoom-hover-container azoom-transition \">\r\n\t\t\t\r\n\t\t\t\t\t<div class=\"azoom-hover-effect\">\r\n\t\t\t\t\t\t<ul>\r\n\t\t\t\r\n\t\t\t\t<li class=\"rockthemes-hover-icon\">\t\t\t\r\n\t\t\t\t\t<a href=\"https:\/\/ansdanismanlik.com\/en\/wp-content\/uploads\/2020-05-18_03-56-32.jpg\" data-rel=\"prettyPhoto[lightbox_gallery_0]\">\r\n\t\t\t\t\t\t<i class=\"icomoon icomoon-icon-camera\"><\/i>\r\n\t\t\t\t\t<\/a>\r\n\t\t\t\t<\/li>\r\n\t\t\t\r\n\t\t\t\t<li class=\"rockthemes-hover-icon azoom-love-icon\" data-post-id=\"5202\">\t\t\t\r\n\t\t\t\t\t<a class=\"azoom-like\">\r\n\t\t\t\t\t\t<i class=\"icomoon icomoon-icon-heart\"><\/i>\r\n\t\t\t\t\t<\/a>\r\n\t\t\t\t<\/li>\r\n\t\t\t\r\n\t\t\t\t<li class=\"rockthemes-hover-icon right link-elem\">\r\n\t\t\t\t\t<a href=\"https:\/\/ansdanismanlik.com\/en\/references\/our-projects\/bike2school\/attachment\/2020-05-18_03-56-32\">\r\n\t\t\t\t\t\t<i class=\"icomoon icomoon-icon-next15 animate-icon animate-to-right\"><\/i>\r\n\t\t\t\t\t<\/a>\r\n\t\t\t\t<\/li>\r\n\t\t\t\t\r\n\t\t\t\t\t<\/ul>\r\n\t\t\t\t<\/div>\r\n\t\t\t<\/div>\r\n\t\t\t<\/div><\/li>\r\n\t\t\t\r\n\t\t\t\t<li><div class=\"relative-container rockthemes-hover azoom-small-box-shadow\"><img loading=\"lazy\" decoding=\"async\" width=\"540\" height=\"405\" src=\"https:\/\/ansdanismanlik.com\/en\/wp-content\/uploads\/2020-05-18_03-56-39-540x405.jpg\" class=\"attachment-main_medium size-main_medium\" alt=\"\" srcset=\"https:\/\/ansdanismanlik.com\/en\/wp-content\/uploads\/2020-05-18_03-56-39-540x405.jpg 540w, https:\/\/ansdanismanlik.com\/en\/wp-content\/uploads\/2020-05-18_03-56-39-200x150.jpg 200w, https:\/\/ansdanismanlik.com\/en\/wp-content\/uploads\/2020-05-18_03-56-39-360x270.jpg 360w\" sizes=\"auto, (max-width: 540px) 100vw, 540px\" \/>\r\n\t\t\t\t<div class=\"azoom-hover-container azoom-transition \">\r\n\t\t\t\r\n\t\t\t\t\t<div class=\"azoom-hover-effect\">\r\n\t\t\t\t\t\t<ul>\r\n\t\t\t\r\n\t\t\t\t<li class=\"rockthemes-hover-icon\">\t\t\t\r\n\t\t\t\t\t<a href=\"https:\/\/ansdanismanlik.com\/en\/wp-content\/uploads\/2020-05-18_03-56-39.jpg\" data-rel=\"prettyPhoto[lightbox_gallery_0]\">\r\n\t\t\t\t\t\t<i class=\"icomoon icomoon-icon-camera\"><\/i>\r\n\t\t\t\t\t<\/a>\r\n\t\t\t\t<\/li>\r\n\t\t\t\r\n\t\t\t\t<li class=\"rockthemes-hover-icon azoom-love-icon\" data-post-id=\"5204\">\t\t\t\r\n\t\t\t\t\t<a class=\"azoom-like\">\r\n\t\t\t\t\t\t<i class=\"icomoon icomoon-icon-heart\"><\/i>\r\n\t\t\t\t\t<\/a>\r\n\t\t\t\t<\/li>\r\n\t\t\t\r\n\t\t\t\t<li class=\"rockthemes-hover-icon right link-elem\">\r\n\t\t\t\t\t<a href=\"https:\/\/ansdanismanlik.com\/en\/references\/our-projects\/bike2school\/attachment\/2020-05-18_03-56-39\">\r\n\t\t\t\t\t\t<i class=\"icomoon icomoon-icon-next15 animate-icon animate-to-right\"><\/i>\r\n\t\t\t\t\t<\/a>\r\n\t\t\t\t<\/li>\r\n\t\t\t\t\r\n\t\t\t\t\t<\/ul>\r\n\t\t\t\t<\/div>\r\n\t\t\t<\/div>\r\n\t\t\t<\/div><\/li>\r\n\t\t\t\r\n\t\t\t\t<li><div class=\"relative-container rockthemes-hover azoom-small-box-shadow\"><img loading=\"lazy\" decoding=\"async\" width=\"540\" height=\"405\" src=\"https:\/\/ansdanismanlik.com\/en\/wp-content\/uploads\/2020-05-18_03-56-46-540x405.jpg\" class=\"attachment-main_medium size-main_medium\" alt=\"\" srcset=\"https:\/\/ansdanismanlik.com\/en\/wp-content\/uploads\/2020-05-18_03-56-46-540x405.jpg 540w, https:\/\/ansdanismanlik.com\/en\/wp-content\/uploads\/2020-05-18_03-56-46-200x150.jpg 200w, https:\/\/ansdanismanlik.com\/en\/wp-content\/uploads\/2020-05-18_03-56-46-360x270.jpg 360w, https:\/\/ansdanismanlik.com\/en\/wp-content\/uploads\/2020-05-18_03-56-46.jpg 601w\" sizes=\"auto, (max-width: 540px) 100vw, 540px\" \/>\r\n\t\t\t\t<div class=\"azoom-hover-container azoom-transition \">\r\n\t\t\t\r\n\t\t\t\t\t<div class=\"azoom-hover-effect\">\r\n\t\t\t\t\t\t<ul>\r\n\t\t\t\r\n\t\t\t\t<li class=\"rockthemes-hover-icon\">\t\t\t\r\n\t\t\t\t\t<a href=\"https:\/\/ansdanismanlik.com\/en\/wp-content\/uploads\/2020-05-18_03-56-46.jpg\" data-rel=\"prettyPhoto[lightbox_gallery_0]\">\r\n\t\t\t\t\t\t<i class=\"icomoon icomoon-icon-camera\"><\/i>\r\n\t\t\t\t\t<\/a>\r\n\t\t\t\t<\/li>\r\n\t\t\t\r\n\t\t\t\t<li class=\"rockthemes-hover-icon azoom-love-icon\" data-post-id=\"5206\">\t\t\t\r\n\t\t\t\t\t<a class=\"azoom-like\">\r\n\t\t\t\t\t\t<i class=\"icomoon icomoon-icon-heart\"><\/i>\r\n\t\t\t\t\t<\/a>\r\n\t\t\t\t<\/li>\r\n\t\t\t\r\n\t\t\t\t<li class=\"rockthemes-hover-icon right link-elem\">\r\n\t\t\t\t\t<a href=\"https:\/\/ansdanismanlik.com\/en\/references\/our-projects\/bike2school\/attachment\/2020-05-18_03-56-46\">\r\n\t\t\t\t\t\t<i class=\"icomoon icomoon-icon-next15 animate-icon animate-to-right\"><\/i>\r\n\t\t\t\t\t<\/a>\r\n\t\t\t\t<\/li>\r\n\t\t\t\t\r\n\t\t\t\t\t<\/ul>\r\n\t\t\t\t<\/div>\r\n\t\t\t<\/div>\r\n\t\t\t<\/div><\/li>\r\n\t\t\t\r\n\t\t\t\t<li><div class=\"relative-container rockthemes-hover azoom-small-box-shadow\"><img loading=\"lazy\" decoding=\"async\" width=\"540\" height=\"405\" src=\"https:\/\/ansdanismanlik.com\/en\/wp-content\/uploads\/2020-05-18_03-56-52-540x405.jpg\" class=\"attachment-main_medium size-main_medium\" alt=\"\" srcset=\"https:\/\/ansdanismanlik.com\/en\/wp-content\/uploads\/2020-05-18_03-56-52-540x405.jpg 540w, https:\/\/ansdanismanlik.com\/en\/wp-content\/uploads\/2020-05-18_03-56-52-200x150.jpg 200w, https:\/\/ansdanismanlik.com\/en\/wp-content\/uploads\/2020-05-18_03-56-52-360x270.jpg 360w, https:\/\/ansdanismanlik.com\/en\/wp-content\/uploads\/2020-05-18_03-56-52.jpg 603w\" sizes=\"auto, (max-width: 540px) 100vw, 540px\" \/>\r\n\t\t\t\t<div class=\"azoom-hover-container azoom-transition \">\r\n\t\t\t\r\n\t\t\t\t\t<div class=\"azoom-hover-effect\">\r\n\t\t\t\t\t\t<ul>\r\n\t\t\t\r\n\t\t\t\t<li class=\"rockthemes-hover-icon\">\t\t\t\r\n\t\t\t\t\t<a href=\"https:\/\/ansdanismanlik.com\/en\/wp-content\/uploads\/2020-05-18_03-56-52.jpg\" data-rel=\"prettyPhoto[lightbox_gallery_0]\">\r\n\t\t\t\t\t\t<i class=\"icomoon icomoon-icon-camera\"><\/i>\r\n\t\t\t\t\t<\/a>\r\n\t\t\t\t<\/li>\r\n\t\t\t\r\n\t\t\t\t<li class=\"rockthemes-hover-icon azoom-love-icon\" data-post-id=\"5208\">\t\t\t\r\n\t\t\t\t\t<a class=\"azoom-like\">\r\n\t\t\t\t\t\t<i class=\"icomoon icomoon-icon-heart\"><\/i>\r\n\t\t\t\t\t<\/a>\r\n\t\t\t\t<\/li>\r\n\t\t\t\r\n\t\t\t\t<li class=\"rockthemes-hover-icon right link-elem\">\r\n\t\t\t\t\t<a href=\"https:\/\/ansdanismanlik.com\/en\/references\/our-projects\/bike2school\/attachment\/2020-05-18_03-56-52\">\r\n\t\t\t\t\t\t<i class=\"icomoon icomoon-icon-next15 animate-icon animate-to-right\"><\/i>\r\n\t\t\t\t\t<\/a>\r\n\t\t\t\t<\/li>\r\n\t\t\t\t\r\n\t\t\t\t\t<\/ul>\r\n\t\t\t\t<\/div>\r\n\t\t\t<\/div>\r\n\t\t\t<\/div><\/li>\r\n\t\t\t<\/ul><\/div>\n","protected":false},"excerpt":{"rendered":"<p>BIKE2SCHOOL 2019-1-UK01-KA229-061403 Erasmus+ KA229- School Education Strategic Partnership 2019-2021 Levels of walking and biking to school are decreasing in many European countries. The main reason of decreasing the levels of biking to school is that more and more children are transported to their school by their parents\u2019 cars or the school buses. These modes of [&hellip;]<\/p>\n","protected":false},"author":1,"featured_media":0,"parent":5107,"menu_order":0,"comment_status":"closed","ping_status":"closed","template":"","meta":{"footnotes":""},"class_list":["post-5176","page","type-page","status-publish","hentry"],"aioseo_notices":[],"_links":{"self":[{"href":"https:\/\/ansdanismanlik.com\/en\/wp-json\/wp\/v2\/pages\/5176","targetHints":{"allow":["GET"]}}],"collection":[{"href":"https:\/\/ansdanismanlik.com\/en\/wp-json\/wp\/v2\/pages"}],"about":[{"href":"https:\/\/ansdanismanlik.com\/en\/wp-json\/wp\/v2\/types\/page"}],"author":[{"embeddable":true,"href":"https:\/\/ansdanismanlik.com\/en\/wp-json\/wp\/v2\/users\/1"}],"replies":[{"embeddable":true,"href":"https:\/\/ansdanismanlik.com\/en\/wp-json\/wp\/v2\/comments?post=5176"}],"version-history":[{"count":7,"href":"https:\/\/ansdanismanlik.com\/en\/wp-json\/wp\/v2\/pages\/5176\/revisions"}],"predecessor-version":[{"id":5653,"href":"https:\/\/ansdanismanlik.com\/en\/wp-json\/wp\/v2\/pages\/5176\/revisions\/5653"}],"up":[{"embeddable":true,"href":"https:\/\/ansdanismanlik.com\/en\/wp-json\/wp\/v2\/pages\/5107"}],"wp:attachment":[{"href":"https:\/\/ansdanismanlik.com\/en\/wp-json\/wp\/v2\/media?parent=5176"}],"curies":[{"name":"wp","href":"https:\/\/api.w.org\/{rel}","templated":true}]}}