{"id":5260,"date":"2020-05-18T04:14:36","date_gmt":"2020-05-18T01:14:36","guid":{"rendered":"https:\/\/ansdanismanlik.com\/en\/?page_id=5260"},"modified":"2020-05-21T03:55:06","modified_gmt":"2020-05-21T00:55:06","slug":"nature-as-teacher","status":"publish","type":"page","link":"https:\/\/ansdanismanlik.com\/en\/references\/our-projects\/nature-as-teacher","title":{"rendered":"Nature As Teacher"},"content":{"rendered":"<p><img loading=\"lazy\" decoding=\"async\" class=\"alignnone size-full wp-image-5261\" src=\"https:\/\/ansdanismanlik.com\/en\/wp-content\/uploads\/2020-05-18_04-12-58.jpg\" alt=\"\" width=\"297\" height=\"177\" srcset=\"https:\/\/ansdanismanlik.com\/en\/wp-content\/uploads\/2020-05-18_04-12-58.jpg 297w, https:\/\/ansdanismanlik.com\/en\/wp-content\/uploads\/2020-05-18_04-12-58-200x119.jpg 200w\" sizes=\"auto, (max-width: 297px) 100vw, 297px\" \/><\/p>\n<p><strong>NATURE AS TEACHER<\/strong><\/p>\n<p><strong>2019-1-NO01-KA229-060136<\/strong><\/p>\n<p><strong>Erasmus + KA229 School Education Strategic Partnership<\/strong><\/p>\n<p><strong>2019-2021<\/strong><\/p>\n<p>We aim to promote using Nature As Teacher (NAT) in this project by providing teachers with skills to use Nature as Learning Environment via engaging children in Outdoor Nature activities.<\/p>\n<p>For this project our main OBJECTIVES will be as follows:<\/p>\n<p>-To provide teachers with skills to use Nature as Learning Environment via engaging children in Outdoor Nature activities<\/p>\n<p>-To connect children with Nature through 4 Elements: Air, Water, Earth, Fire<\/p>\n<p>-To raise children\u2019s ecological awareness focusing on Trees, Plants and Edible Wilds<\/p>\n<p>-To develop children\u2019s creative, imaginary, inspirational and cognitive skills in Maths and\u00a0 Art in Nature<\/p>\n<p>-To provide teachers with competence to use Forest as a Learning and Adventure Place<\/p>\n<p>-To foster kids&#8217; multiple senses, confidence, physical and emotional resilience via Forest plays<\/p>\n<p>-To strengthen kids\u2019 skills of discovery and curiosity for the Circle of Life by exploring the Animals and their Habitats.<\/p>\n<p>-To let children play, discover, fun and be healthier<\/p>\n<p>-To strengthen kids&#8217; speaking, listening and comprehension skills in Storytelling and Drama<\/p>\n<p>-To enable teachers to work in a mutual exchange with other kindergartens\u2019 teachers to gain new ideas, insights, theories and methods across Europe<\/p>\n<p>-To strengthen teachers\u2019 competences in communication, teamwork, foreign language, problem-solving, ICT by encouraging them to be more open-minded and feeling themselves as part of the EU.<\/p>\n<p>In order to achieve this aim, we will organize 5 Short term staff training which will enable teachers to acquire required knowledge and skills to promote Nature Education via Outdoor Learning in their own institutions. Not only children and teachers but also parents will benefit from this environmental and healthy program via workshops and special events. More importantly, our project will focus on Europe 2020 priorities and targets to ensure universal provision of ECEC via developing teacher trainings in the partner countries, transferring and implementing innovative practices and promoting cooperation between schools and local authorities and other sectors.<\/p>\n<p><strong>Project Coordinator:<\/strong><\/p>\n<p>Haugland gardsbarnehage-NORWAY<\/p>\n<p><strong>Project Partners: <\/strong><\/p>\n<p>Glengormley Integrated Primary School-NORTHERN IRELAND<\/p>\n<p>\u00d6zel Antalya Bah\u00e7e\u015fehir \u0130lkokulu-TURKEY<\/p>\n<p>V\u00f5sukese Lasteaed-ESTONIA<\/p>\n<p>Colegio P\u00fablico Ocej\u00f3n-SPAIN<\/p>\n<p>Elit Grup Okullar\u0131-TURKEY<\/p>\n<div class=\"relative-container\"><ul class=\"large-block-grid-3 rockthemes-wp-gallery\">\r\n\t\t\t\t<li><div class=\"relative-container rockthemes-hover azoom-small-box-shadow\"><img loading=\"lazy\" decoding=\"async\" width=\"505\" height=\"377\" src=\"https:\/\/ansdanismanlik.com\/en\/wp-content\/uploads\/2020-05-18_04-13-19.jpg\" class=\"attachment-main_medium size-main_medium\" alt=\"\" srcset=\"https:\/\/ansdanismanlik.com\/en\/wp-content\/uploads\/2020-05-18_04-13-19.jpg 505w, https:\/\/ansdanismanlik.com\/en\/wp-content\/uploads\/2020-05-18_04-13-19-200x150.jpg 200w, https:\/\/ansdanismanlik.com\/en\/wp-content\/uploads\/2020-05-18_04-13-19-360x270.jpg 360w\" sizes=\"auto, (max-width: 505px) 100vw, 505px\" \/>\r\n\t\t\t\t<div class=\"azoom-hover-container azoom-transition \">\r\n\t\t\t\r\n\t\t\t\t\t<div class=\"azoom-hover-effect\">\r\n\t\t\t\t\t\t<ul>\r\n\t\t\t\r\n\t\t\t\t<li class=\"rockthemes-hover-icon\">\t\t\t\r\n\t\t\t\t\t<a href=\"https:\/\/ansdanismanlik.com\/en\/wp-content\/uploads\/2020-05-18_04-13-19.jpg\" data-rel=\"prettyPhoto[lightbox_gallery_0]\">\r\n\t\t\t\t\t\t<i class=\"icomoon icomoon-icon-camera\"><\/i>\r\n\t\t\t\t\t<\/a>\r\n\t\t\t\t<\/li>\r\n\t\t\t\r\n\t\t\t\t<li class=\"rockthemes-hover-icon azoom-love-icon\" data-post-id=\"5263\">\t\t\t\r\n\t\t\t\t\t<a class=\"azoom-like\">\r\n\t\t\t\t\t\t<i class=\"icomoon icomoon-icon-heart\"><\/i>\r\n\t\t\t\t\t<\/a>\r\n\t\t\t\t<\/li>\r\n\t\t\t\r\n\t\t\t\t<li class=\"rockthemes-hover-icon right link-elem\">\r\n\t\t\t\t\t<a href=\"https:\/\/ansdanismanlik.com\/en\/references\/our-projects\/nature-as-teacher\/attachment\/2020-05-18_04-13-19\">\r\n\t\t\t\t\t\t<i class=\"icomoon icomoon-icon-next15 animate-icon animate-to-right\"><\/i>\r\n\t\t\t\t\t<\/a>\r\n\t\t\t\t<\/li>\r\n\t\t\t\t\r\n\t\t\t\t\t<\/ul>\r\n\t\t\t\t<\/div>\r\n\t\t\t<\/div>\r\n\t\t\t<\/div><\/li>\r\n\t\t\t\r\n\t\t\t\t<li><div class=\"relative-container rockthemes-hover azoom-small-box-shadow\"><img loading=\"lazy\" decoding=\"async\" width=\"326\" height=\"405\" src=\"https:\/\/ansdanismanlik.com\/en\/wp-content\/uploads\/2020-05-18_04-13-26-326x405.jpg\" class=\"attachment-main_medium size-main_medium\" alt=\"\" \/>\r\n\t\t\t\t<div class=\"azoom-hover-container azoom-transition \">\r\n\t\t\t\r\n\t\t\t\t\t<div class=\"azoom-hover-effect\">\r\n\t\t\t\t\t\t<ul>\r\n\t\t\t\r\n\t\t\t\t<li class=\"rockthemes-hover-icon\">\t\t\t\r\n\t\t\t\t\t<a href=\"https:\/\/ansdanismanlik.com\/en\/wp-content\/uploads\/2020-05-18_04-13-26.jpg\" data-rel=\"prettyPhoto[lightbox_gallery_0]\">\r\n\t\t\t\t\t\t<i class=\"icomoon icomoon-icon-camera\"><\/i>\r\n\t\t\t\t\t<\/a>\r\n\t\t\t\t<\/li>\r\n\t\t\t\r\n\t\t\t\t<li class=\"rockthemes-hover-icon azoom-love-icon\" data-post-id=\"5265\">\t\t\t\r\n\t\t\t\t\t<a class=\"azoom-like\">\r\n\t\t\t\t\t\t<i class=\"icomoon icomoon-icon-heart\"><\/i>\r\n\t\t\t\t\t<\/a>\r\n\t\t\t\t<\/li>\r\n\t\t\t\r\n\t\t\t\t<li class=\"rockthemes-hover-icon right link-elem\">\r\n\t\t\t\t\t<a href=\"https:\/\/ansdanismanlik.com\/en\/references\/our-projects\/nature-as-teacher\/attachment\/2020-05-18_04-13-26\">\r\n\t\t\t\t\t\t<i class=\"icomoon icomoon-icon-next15 animate-icon animate-to-right\"><\/i>\r\n\t\t\t\t\t<\/a>\r\n\t\t\t\t<\/li>\r\n\t\t\t\t\r\n\t\t\t\t\t<\/ul>\r\n\t\t\t\t<\/div>\r\n\t\t\t<\/div>\r\n\t\t\t<\/div><\/li>\r\n\t\t\t\r\n\t\t\t\t<li><div class=\"relative-container rockthemes-hover azoom-small-box-shadow\"><img loading=\"lazy\" decoding=\"async\" width=\"450\" height=\"336\" src=\"https:\/\/ansdanismanlik.com\/en\/wp-content\/uploads\/2020-05-18_04-13-33.jpg\" class=\"attachment-main_medium size-main_medium\" alt=\"\" srcset=\"https:\/\/ansdanismanlik.com\/en\/wp-content\/uploads\/2020-05-18_04-13-33.jpg 450w, https:\/\/ansdanismanlik.com\/en\/wp-content\/uploads\/2020-05-18_04-13-33-200x150.jpg 200w, https:\/\/ansdanismanlik.com\/en\/wp-content\/uploads\/2020-05-18_04-13-33-360x270.jpg 360w\" sizes=\"auto, (max-width: 450px) 100vw, 450px\" \/>\r\n\t\t\t\t<div class=\"azoom-hover-container azoom-transition \">\r\n\t\t\t\r\n\t\t\t\t\t<div class=\"azoom-hover-effect\">\r\n\t\t\t\t\t\t<ul>\r\n\t\t\t\r\n\t\t\t\t<li class=\"rockthemes-hover-icon\">\t\t\t\r\n\t\t\t\t\t<a href=\"https:\/\/ansdanismanlik.com\/en\/wp-content\/uploads\/2020-05-18_04-13-33.jpg\" data-rel=\"prettyPhoto[lightbox_gallery_0]\">\r\n\t\t\t\t\t\t<i class=\"icomoon icomoon-icon-camera\"><\/i>\r\n\t\t\t\t\t<\/a>\r\n\t\t\t\t<\/li>\r\n\t\t\t\r\n\t\t\t\t<li class=\"rockthemes-hover-icon azoom-love-icon\" data-post-id=\"5267\">\t\t\t\r\n\t\t\t\t\t<a class=\"azoom-like\">\r\n\t\t\t\t\t\t<i class=\"icomoon icomoon-icon-heart\"><\/i>\r\n\t\t\t\t\t<\/a>\r\n\t\t\t\t<\/li>\r\n\t\t\t\r\n\t\t\t\t<li class=\"rockthemes-hover-icon right link-elem\">\r\n\t\t\t\t\t<a href=\"https:\/\/ansdanismanlik.com\/en\/references\/our-projects\/nature-as-teacher\/attachment\/2020-05-18_04-13-33\">\r\n\t\t\t\t\t\t<i class=\"icomoon icomoon-icon-next15 animate-icon animate-to-right\"><\/i>\r\n\t\t\t\t\t<\/a>\r\n\t\t\t\t<\/li>\r\n\t\t\t\t\r\n\t\t\t\t\t<\/ul>\r\n\t\t\t\t<\/div>\r\n\t\t\t<\/div>\r\n\t\t\t<\/div><\/li>\r\n\t\t\t\r\n\t\t\t\t<li><div class=\"relative-container rockthemes-hover azoom-small-box-shadow\"><img loading=\"lazy\" decoding=\"async\" width=\"540\" height=\"360\" src=\"https:\/\/ansdanismanlik.com\/en\/wp-content\/uploads\/2020-05-18_04-13-40-540x360.jpg\" class=\"attachment-main_medium size-main_medium\" alt=\"\" \/>\r\n\t\t\t\t<div class=\"azoom-hover-container azoom-transition \">\r\n\t\t\t\r\n\t\t\t\t\t<div class=\"azoom-hover-effect\">\r\n\t\t\t\t\t\t<ul>\r\n\t\t\t\r\n\t\t\t\t<li class=\"rockthemes-hover-icon\">\t\t\t\r\n\t\t\t\t\t<a href=\"https:\/\/ansdanismanlik.com\/en\/wp-content\/uploads\/2020-05-18_04-13-40.jpg\" data-rel=\"prettyPhoto[lightbox_gallery_0]\">\r\n\t\t\t\t\t\t<i class=\"icomoon icomoon-icon-camera\"><\/i>\r\n\t\t\t\t\t<\/a>\r\n\t\t\t\t<\/li>\r\n\t\t\t\r\n\t\t\t\t<li class=\"rockthemes-hover-icon azoom-love-icon\" data-post-id=\"5269\">\t\t\t\r\n\t\t\t\t\t<a class=\"azoom-like\">\r\n\t\t\t\t\t\t<i class=\"icomoon icomoon-icon-heart\"><\/i>\r\n\t\t\t\t\t<\/a>\r\n\t\t\t\t<\/li>\r\n\t\t\t\r\n\t\t\t\t<li class=\"rockthemes-hover-icon right link-elem\">\r\n\t\t\t\t\t<a href=\"https:\/\/ansdanismanlik.com\/en\/references\/our-projects\/nature-as-teacher\/attachment\/2020-05-18_04-13-40\">\r\n\t\t\t\t\t\t<i class=\"icomoon icomoon-icon-next15 animate-icon animate-to-right\"><\/i>\r\n\t\t\t\t\t<\/a>\r\n\t\t\t\t<\/li>\r\n\t\t\t\t\r\n\t\t\t\t\t<\/ul>\r\n\t\t\t\t<\/div>\r\n\t\t\t<\/div>\r\n\t\t\t<\/div><\/li>\r\n\t\t\t<\/ul><\/div>\n","protected":false},"excerpt":{"rendered":"<p>NATURE AS TEACHER 2019-1-NO01-KA229-060136 Erasmus + KA229 School Education Strategic Partnership 2019-2021 We aim to promote using Nature As Teacher (NAT) in this project by providing teachers with skills to use Nature as Learning Environment via engaging children in Outdoor Nature activities. For this project our main OBJECTIVES will be as follows: -To provide teachers [&hellip;]<\/p>\n","protected":false},"author":1,"featured_media":0,"parent":5107,"menu_order":0,"comment_status":"closed","ping_status":"closed","template":"","meta":{"footnotes":""},"class_list":["post-5260","page","type-page","status-publish","hentry"],"aioseo_notices":[],"_links":{"self":[{"href":"https:\/\/ansdanismanlik.com\/en\/wp-json\/wp\/v2\/pages\/5260","targetHints":{"allow":["GET"]}}],"collection":[{"href":"https:\/\/ansdanismanlik.com\/en\/wp-json\/wp\/v2\/pages"}],"about":[{"href":"https:\/\/ansdanismanlik.com\/en\/wp-json\/wp\/v2\/types\/page"}],"author":[{"embeddable":true,"href":"https:\/\/ansdanismanlik.com\/en\/wp-json\/wp\/v2\/users\/1"}],"replies":[{"embeddable":true,"href":"https:\/\/ansdanismanlik.com\/en\/wp-json\/wp\/v2\/comments?post=5260"}],"version-history":[{"count":2,"href":"https:\/\/ansdanismanlik.com\/en\/wp-json\/wp\/v2\/pages\/5260\/revisions"}],"predecessor-version":[{"id":5593,"href":"https:\/\/ansdanismanlik.com\/en\/wp-json\/wp\/v2\/pages\/5260\/revisions\/5593"}],"up":[{"embeddable":true,"href":"https:\/\/ansdanismanlik.com\/en\/wp-json\/wp\/v2\/pages\/5107"}],"wp:attachment":[{"href":"https:\/\/ansdanismanlik.com\/en\/wp-json\/wp\/v2\/media?parent=5260"}],"curies":[{"name":"wp","href":"https:\/\/api.w.org\/{rel}","templated":true}]}}