{"id":5721,"date":"2021-07-06T14:42:00","date_gmt":"2021-07-06T11:42:00","guid":{"rendered":"https:\/\/ansdanismanlik.com\/en\/?page_id=5721"},"modified":"2023-11-26T21:59:45","modified_gmt":"2023-11-26T18:59:45","slug":"developing-competencies-of-teachers-to-integrate-climate-literacy-education-in-european-schools","status":"publish","type":"page","link":"https:\/\/ansdanismanlik.com\/en\/developing-competencies-of-teachers-to-integrate-climate-literacy-education-in-european-schools","title":{"rendered":"Climateracy"},"content":{"rendered":"<p><b><img loading=\"lazy\" decoding=\"async\" class=\"alignnone size-full wp-image-5722\" src=\"https:\/\/ansdanismanlik.com\/en\/wp-content\/uploads\/logogogoggog.png\" alt=\"\" width=\"197\" height=\"181\" srcset=\"https:\/\/ansdanismanlik.com\/en\/wp-content\/uploads\/logogogoggog.png 197w, https:\/\/ansdanismanlik.com\/en\/wp-content\/uploads\/logogogoggog-163x150.png 163w\" sizes=\"auto, (max-width: 197px) 100vw, 197px\" \/><\/b><\/p>\n<p><b>Develo<\/b><b>ping Compe<\/b><b>tencies of Teachers to integrate Climate Literacy Education in\u00a0<\/b><b>European Schools<\/b><\/p>\n<p>&nbsp;<\/p>\n<p><b>2020-1-EE01-KA201-077890<\/b><\/p>\n<p><b>Start Date:30-12-2020<\/b><\/p>\n<p><b>End Date:<\/b> <b>29-12-2022<\/b><\/p>\n<p><b>Total Budget:257.968 EUR<\/b><\/p>\n<p>&nbsp;<\/p>\n<p><b>Coordinator:<\/b><\/p>\n<p><b>TALLINN UNIVERSITY, ESTONIA<\/b><\/p>\n<p>&nbsp;<\/p>\n<p><b>Partners:<\/b><\/p>\n<p><b>UC LIMBURG UNIVERSITY, BELGIUM<\/b><\/p>\n<p><b>PAYDA\u015e E\u011e\u0130T\u0130M K\u00dcLT\u00dcR VE SANAT DERNE\u011e\u0130, TURKEY<\/b><\/p>\n<p><b>ANS Egitim Hizmetleri Yonetim Danismanligi Limited Sirketi, TURKEY<\/b><\/p>\n<p><b>GOETEBORGS UNIVERSITY, SWEDEN<\/b><\/p>\n<p><b>WISSENSCHAFTSLADEN BONN EV, GERMANY<\/b><\/p>\n<p>&nbsp;<\/p>\n<p><span style=\"font-weight: 400;\">Climate change is one of the biggest challenges facing mankind in our time. Over the 21st century, climate scientists expect Earth\u2019s temperature to continue increasing, very likely more than it did during the 20th century. This will affect almost every aspect of human society, including economic prosperity, human and environmental health, and national security. It\u2019s up to all of us to build that new sustainable society. So, it\u2019s mandatory that we start by making people aware of how their actions impact the Earth. We must fully understand what our footprint really is. Only then we can start doing things differently and create a Climate Literate Society.<\/span><\/p>\n<p><span style=\"font-weight: 400;\">Education is an essential element of the global response to climate change. It helps people understand and address the impact of global warming, increases \u201cclimate literacy\u201d among young people, encourages changes in their attitudes and behavior, and helps them adapt to climate change related trends. Although the role of education in addressing the challenges of climate change is increasingly recognized, the curriculum and teaching in schools still is far from being effective in equipping young generations with strategies to deal with the climate change challenges of today and the future. The project aims at enhancing teachers&#8217; profiles to coach students effectively in European Secondary schools to raise the level of climate literacy by developing:<\/span><\/p>\n<ol>\n<li style=\"font-weight: 400;\" aria-level=\"1\"><span style=\"font-weight: 400;\">Educational Content for Climate Literacy\u00a0<\/span><\/li>\n<li style=\"font-weight: 400;\" aria-level=\"1\"><span style=\"font-weight: 400;\">Open Online Course to allow teachers to promote climate literacy at schools\u00a0<\/span><\/li>\n<li style=\"font-weight: 400;\" aria-level=\"1\"><span style=\"font-weight: 400;\">Online Teacher Community\u00a0<\/span><\/li>\n<\/ol>\n<p><span style=\"font-weight: 400;\">We will develop, implement, disseminate and evaluate three central intellectual outputs in order to reach our target beneficiaries and achieve our objectives. The partnership is set up between six different organizations including three universities-Estonia, Sweden, Belgium, two NGOs-Germany and Turkey and one private company from Turkey in a cross sectoral way.<\/span><\/p>\n<p>&nbsp;<\/p>\n<div class=\"relative-container\"><ul class=\"large-block-grid-3 rockthemes-wp-gallery\">\r\n\t\t\t\t<li><div class=\"relative-container rockthemes-hover azoom-small-box-shadow\"><img loading=\"lazy\" decoding=\"async\" width=\"540\" height=\"405\" src=\"https:\/\/ansdanismanlik.com\/en\/wp-content\/uploads\/1-6-540x405.png\" class=\"attachment-main_medium size-main_medium\" alt=\"\" srcset=\"https:\/\/ansdanismanlik.com\/en\/wp-content\/uploads\/1-6-540x405.png 540w, https:\/\/ansdanismanlik.com\/en\/wp-content\/uploads\/1-6-200x150.png 200w, https:\/\/ansdanismanlik.com\/en\/wp-content\/uploads\/1-6-720x540.png 720w, https:\/\/ansdanismanlik.com\/en\/wp-content\/uploads\/1-6-360x270.png 360w\" sizes=\"auto, (max-width: 540px) 100vw, 540px\" \/>\r\n\t\t\t\t<div class=\"azoom-hover-container azoom-transition \">\r\n\t\t\t\r\n\t\t\t\t\t<div class=\"azoom-hover-effect\">\r\n\t\t\t\t\t\t<ul>\r\n\t\t\t\r\n\t\t\t\t<li class=\"rockthemes-hover-icon\">\t\t\t\r\n\t\t\t\t\t<a href=\"https:\/\/ansdanismanlik.com\/en\/wp-content\/uploads\/1-6.png\" data-rel=\"prettyPhoto[lightbox_gallery_0]\">\r\n\t\t\t\t\t\t<i class=\"icomoon icomoon-icon-camera\"><\/i>\r\n\t\t\t\t\t<\/a>\r\n\t\t\t\t<\/li>\r\n\t\t\t\r\n\t\t\t\t<li class=\"rockthemes-hover-icon azoom-love-icon\" data-post-id=\"6261\">\t\t\t\r\n\t\t\t\t\t<a class=\"azoom-like\">\r\n\t\t\t\t\t\t<i class=\"icomoon icomoon-icon-heart\"><\/i>\r\n\t\t\t\t\t<\/a>\r\n\t\t\t\t<\/li>\r\n\t\t\t\r\n\t\t\t\t<li class=\"rockthemes-hover-icon right link-elem\">\r\n\t\t\t\t\t<a href=\"https:\/\/ansdanismanlik.com\/en\/developing-competencies-of-teachers-to-integrate-climate-literacy-education-in-european-schools\/attachment\/1-11\">\r\n\t\t\t\t\t\t<i class=\"icomoon icomoon-icon-next15 animate-icon animate-to-right\"><\/i>\r\n\t\t\t\t\t<\/a>\r\n\t\t\t\t<\/li>\r\n\t\t\t\t\r\n\t\t\t\t\t<\/ul>\r\n\t\t\t\t<\/div>\r\n\t\t\t<\/div>\r\n\t\t\t<\/div><\/li>\r\n\t\t\t\r\n\t\t\t\t<li><div class=\"relative-container rockthemes-hover azoom-small-box-shadow\"><img loading=\"lazy\" decoding=\"async\" width=\"540\" height=\"405\" src=\"https:\/\/ansdanismanlik.com\/en\/wp-content\/uploads\/2-540x405.jpeg\" class=\"attachment-main_medium size-main_medium\" alt=\"\" srcset=\"https:\/\/ansdanismanlik.com\/en\/wp-content\/uploads\/2-540x405.jpeg 540w, https:\/\/ansdanismanlik.com\/en\/wp-content\/uploads\/2-200x150.jpeg 200w, https:\/\/ansdanismanlik.com\/en\/wp-content\/uploads\/2-720x540.jpeg 720w, https:\/\/ansdanismanlik.com\/en\/wp-content\/uploads\/2-360x270.jpeg 360w\" sizes=\"auto, (max-width: 540px) 100vw, 540px\" \/>\r\n\t\t\t\t<div class=\"azoom-hover-container azoom-transition \">\r\n\t\t\t\r\n\t\t\t\t\t<div class=\"azoom-hover-effect\">\r\n\t\t\t\t\t\t<ul>\r\n\t\t\t\r\n\t\t\t\t<li class=\"rockthemes-hover-icon\">\t\t\t\r\n\t\t\t\t\t<a href=\"https:\/\/ansdanismanlik.com\/en\/wp-content\/uploads\/2-scaled.jpeg\" data-rel=\"prettyPhoto[lightbox_gallery_0]\">\r\n\t\t\t\t\t\t<i class=\"icomoon icomoon-icon-camera\"><\/i>\r\n\t\t\t\t\t<\/a>\r\n\t\t\t\t<\/li>\r\n\t\t\t\r\n\t\t\t\t<li class=\"rockthemes-hover-icon azoom-love-icon\" data-post-id=\"6263\">\t\t\t\r\n\t\t\t\t\t<a class=\"azoom-like\">\r\n\t\t\t\t\t\t<i class=\"icomoon icomoon-icon-heart\"><\/i>\r\n\t\t\t\t\t<\/a>\r\n\t\t\t\t<\/li>\r\n\t\t\t\r\n\t\t\t\t<li class=\"rockthemes-hover-icon right link-elem\">\r\n\t\t\t\t\t<a href=\"https:\/\/ansdanismanlik.com\/en\/developing-competencies-of-teachers-to-integrate-climate-literacy-education-in-european-schools\/attachment\/2-12\">\r\n\t\t\t\t\t\t<i class=\"icomoon icomoon-icon-next15 animate-icon animate-to-right\"><\/i>\r\n\t\t\t\t\t<\/a>\r\n\t\t\t\t<\/li>\r\n\t\t\t\t\r\n\t\t\t\t\t<\/ul>\r\n\t\t\t\t<\/div>\r\n\t\t\t<\/div>\r\n\t\t\t<\/div><\/li>\r\n\t\t\t\r\n\t\t\t\t<li><div class=\"relative-container rockthemes-hover azoom-small-box-shadow\"><img loading=\"lazy\" decoding=\"async\" width=\"540\" height=\"405\" src=\"https:\/\/ansdanismanlik.com\/en\/wp-content\/uploads\/3-3-540x405.jpg\" class=\"attachment-main_medium size-main_medium\" alt=\"\" srcset=\"https:\/\/ansdanismanlik.com\/en\/wp-content\/uploads\/3-3-540x405.jpg 540w, https:\/\/ansdanismanlik.com\/en\/wp-content\/uploads\/3-3-200x150.jpg 200w, https:\/\/ansdanismanlik.com\/en\/wp-content\/uploads\/3-3-720x540.jpg 720w, https:\/\/ansdanismanlik.com\/en\/wp-content\/uploads\/3-3-360x270.jpg 360w\" sizes=\"auto, (max-width: 540px) 100vw, 540px\" \/>\r\n\t\t\t\t<div class=\"azoom-hover-container azoom-transition \">\r\n\t\t\t\r\n\t\t\t\t\t<div class=\"azoom-hover-effect\">\r\n\t\t\t\t\t\t<ul>\r\n\t\t\t\r\n\t\t\t\t<li class=\"rockthemes-hover-icon\">\t\t\t\r\n\t\t\t\t\t<a href=\"https:\/\/ansdanismanlik.com\/en\/wp-content\/uploads\/3-3.jpg\" data-rel=\"prettyPhoto[lightbox_gallery_0]\">\r\n\t\t\t\t\t\t<i class=\"icomoon icomoon-icon-camera\"><\/i>\r\n\t\t\t\t\t<\/a>\r\n\t\t\t\t<\/li>\r\n\t\t\t\r\n\t\t\t\t<li class=\"rockthemes-hover-icon azoom-love-icon\" data-post-id=\"6264\">\t\t\t\r\n\t\t\t\t\t<a class=\"azoom-like\">\r\n\t\t\t\t\t\t<i class=\"icomoon icomoon-icon-heart\"><\/i>\r\n\t\t\t\t\t<\/a>\r\n\t\t\t\t<\/li>\r\n\t\t\t\r\n\t\t\t\t<li class=\"rockthemes-hover-icon right link-elem\">\r\n\t\t\t\t\t<a href=\"https:\/\/ansdanismanlik.com\/en\/developing-competencies-of-teachers-to-integrate-climate-literacy-education-in-european-schools\/attachment\/3-12\">\r\n\t\t\t\t\t\t<i class=\"icomoon icomoon-icon-next15 animate-icon animate-to-right\"><\/i>\r\n\t\t\t\t\t<\/a>\r\n\t\t\t\t<\/li>\r\n\t\t\t\t\r\n\t\t\t\t\t<\/ul>\r\n\t\t\t\t<\/div>\r\n\t\t\t<\/div>\r\n\t\t\t<\/div><\/li>\r\n\t\t\t\r\n\t\t\t\t<li><div class=\"relative-container rockthemes-hover azoom-small-box-shadow\"><img loading=\"lazy\" decoding=\"async\" width=\"540\" height=\"405\" src=\"https:\/\/ansdanismanlik.com\/en\/wp-content\/uploads\/4-540x405.jpeg\" class=\"attachment-main_medium size-main_medium\" alt=\"\" srcset=\"https:\/\/ansdanismanlik.com\/en\/wp-content\/uploads\/4-540x405.jpeg 540w, https:\/\/ansdanismanlik.com\/en\/wp-content\/uploads\/4-200x150.jpeg 200w, https:\/\/ansdanismanlik.com\/en\/wp-content\/uploads\/4-720x540.jpeg 720w, https:\/\/ansdanismanlik.com\/en\/wp-content\/uploads\/4-360x270.jpeg 360w\" sizes=\"auto, (max-width: 540px) 100vw, 540px\" \/>\r\n\t\t\t\t<div class=\"azoom-hover-container azoom-transition \">\r\n\t\t\t\r\n\t\t\t\t\t<div class=\"azoom-hover-effect\">\r\n\t\t\t\t\t\t<ul>\r\n\t\t\t\r\n\t\t\t\t<li class=\"rockthemes-hover-icon\">\t\t\t\r\n\t\t\t\t\t<a href=\"https:\/\/ansdanismanlik.com\/en\/wp-content\/uploads\/4-scaled.jpeg\" data-rel=\"prettyPhoto[lightbox_gallery_0]\">\r\n\t\t\t\t\t\t<i class=\"icomoon icomoon-icon-camera\"><\/i>\r\n\t\t\t\t\t<\/a>\r\n\t\t\t\t<\/li>\r\n\t\t\t\r\n\t\t\t\t<li class=\"rockthemes-hover-icon azoom-love-icon\" data-post-id=\"6265\">\t\t\t\r\n\t\t\t\t\t<a class=\"azoom-like\">\r\n\t\t\t\t\t\t<i class=\"icomoon icomoon-icon-heart\"><\/i>\r\n\t\t\t\t\t<\/a>\r\n\t\t\t\t<\/li>\r\n\t\t\t\r\n\t\t\t\t<li class=\"rockthemes-hover-icon right link-elem\">\r\n\t\t\t\t\t<a href=\"https:\/\/ansdanismanlik.com\/en\/developing-competencies-of-teachers-to-integrate-climate-literacy-education-in-european-schools\/attachment\/4-10\">\r\n\t\t\t\t\t\t<i class=\"icomoon icomoon-icon-next15 animate-icon animate-to-right\"><\/i>\r\n\t\t\t\t\t<\/a>\r\n\t\t\t\t<\/li>\r\n\t\t\t\t\r\n\t\t\t\t\t<\/ul>\r\n\t\t\t\t<\/div>\r\n\t\t\t<\/div>\r\n\t\t\t<\/div><\/li>\r\n\t\t\t\r\n\t\t\t\t<li><div class=\"relative-container rockthemes-hover azoom-small-box-shadow\"><img loading=\"lazy\" decoding=\"async\" width=\"540\" height=\"405\" src=\"https:\/\/ansdanismanlik.com\/en\/wp-content\/uploads\/5-5-540x405.png\" class=\"attachment-main_medium size-main_medium\" alt=\"\" srcset=\"https:\/\/ansdanismanlik.com\/en\/wp-content\/uploads\/5-5-540x405.png 540w, https:\/\/ansdanismanlik.com\/en\/wp-content\/uploads\/5-5-200x150.png 200w, https:\/\/ansdanismanlik.com\/en\/wp-content\/uploads\/5-5-720x540.png 720w, https:\/\/ansdanismanlik.com\/en\/wp-content\/uploads\/5-5-360x270.png 360w\" sizes=\"auto, (max-width: 540px) 100vw, 540px\" \/>\r\n\t\t\t\t<div class=\"azoom-hover-container azoom-transition \">\r\n\t\t\t\r\n\t\t\t\t\t<div class=\"azoom-hover-effect\">\r\n\t\t\t\t\t\t<ul>\r\n\t\t\t\r\n\t\t\t\t<li class=\"rockthemes-hover-icon\">\t\t\t\r\n\t\t\t\t\t<a href=\"https:\/\/ansdanismanlik.com\/en\/wp-content\/uploads\/5-5.png\" data-rel=\"prettyPhoto[lightbox_gallery_0]\">\r\n\t\t\t\t\t\t<i class=\"icomoon icomoon-icon-camera\"><\/i>\r\n\t\t\t\t\t<\/a>\r\n\t\t\t\t<\/li>\r\n\t\t\t\r\n\t\t\t\t<li class=\"rockthemes-hover-icon azoom-love-icon\" data-post-id=\"6266\">\t\t\t\r\n\t\t\t\t\t<a class=\"azoom-like\">\r\n\t\t\t\t\t\t<i class=\"icomoon icomoon-icon-heart\"><\/i>\r\n\t\t\t\t\t<\/a>\r\n\t\t\t\t<\/li>\r\n\t\t\t\r\n\t\t\t\t<li class=\"rockthemes-hover-icon right link-elem\">\r\n\t\t\t\t\t<a href=\"https:\/\/ansdanismanlik.com\/en\/developing-competencies-of-teachers-to-integrate-climate-literacy-education-in-european-schools\/attachment\/5-11\">\r\n\t\t\t\t\t\t<i class=\"icomoon icomoon-icon-next15 animate-icon animate-to-right\"><\/i>\r\n\t\t\t\t\t<\/a>\r\n\t\t\t\t<\/li>\r\n\t\t\t\t\r\n\t\t\t\t\t<\/ul>\r\n\t\t\t\t<\/div>\r\n\t\t\t<\/div>\r\n\t\t\t<\/div><\/li>\r\n\t\t\t<\/ul><\/div>\n","protected":false},"excerpt":{"rendered":"<p>Developing Competencies of Teachers to integrate Climate Literacy Education in\u00a0European Schools &nbsp; 2020-1-EE01-KA201-077890 Start Date:30-12-2020 End Date: 29-12-2022 Total Budget:257.968 EUR &nbsp; Coordinator: TALLINN UNIVERSITY, ESTONIA &nbsp; Partners: UC LIMBURG UNIVERSITY, BELGIUM PAYDA\u015e E\u011e\u0130T\u0130M K\u00dcLT\u00dcR VE SANAT DERNE\u011e\u0130, TURKEY ANS Egitim Hizmetleri Yonetim Danismanligi Limited Sirketi, TURKEY GOETEBORGS UNIVERSITY, SWEDEN WISSENSCHAFTSLADEN BONN EV, GERMANY &nbsp; [&hellip;]<\/p>\n","protected":false},"author":2,"featured_media":0,"parent":0,"menu_order":0,"comment_status":"closed","ping_status":"closed","template":"","meta":{"footnotes":""},"class_list":["post-5721","page","type-page","status-publish","hentry"],"aioseo_notices":[],"_links":{"self":[{"href":"https:\/\/ansdanismanlik.com\/en\/wp-json\/wp\/v2\/pages\/5721","targetHints":{"allow":["GET"]}}],"collection":[{"href":"https:\/\/ansdanismanlik.com\/en\/wp-json\/wp\/v2\/pages"}],"about":[{"href":"https:\/\/ansdanismanlik.com\/en\/wp-json\/wp\/v2\/types\/page"}],"author":[{"embeddable":true,"href":"https:\/\/ansdanismanlik.com\/en\/wp-json\/wp\/v2\/users\/2"}],"replies":[{"embeddable":true,"href":"https:\/\/ansdanismanlik.com\/en\/wp-json\/wp\/v2\/comments?post=5721"}],"version-history":[{"count":4,"href":"https:\/\/ansdanismanlik.com\/en\/wp-json\/wp\/v2\/pages\/5721\/revisions"}],"predecessor-version":[{"id":6267,"href":"https:\/\/ansdanismanlik.com\/en\/wp-json\/wp\/v2\/pages\/5721\/revisions\/6267"}],"wp:attachment":[{"href":"https:\/\/ansdanismanlik.com\/en\/wp-json\/wp\/v2\/media?parent=5721"}],"curies":[{"name":"wp","href":"https:\/\/api.w.org\/{rel}","templated":true}]}}