{"id":6240,"date":"2023-11-26T21:45:20","date_gmt":"2023-11-26T18:45:20","guid":{"rendered":"https:\/\/ansdanismanlik.com\/en\/?page_id=6240"},"modified":"2023-11-26T22:07:14","modified_gmt":"2023-11-26T19:07:14","slug":"promoting-sustainable-lifestyles-proslife","status":"publish","type":"page","link":"https:\/\/ansdanismanlik.com\/en\/promoting-sustainable-lifestyles-proslife","title":{"rendered":"Promoting Sustainable Lifestyles-PROSLIFE"},"content":{"rendered":"<h2><img loading=\"lazy\" decoding=\"async\" class=\"aligncenter wp-image-6258\" src=\"https:\/\/ansdanismanlik.com\/en\/wp-content\/uploads\/2-PROSLIFE-452x405.jpg\" alt=\"\" width=\"251\" height=\"225\" srcset=\"https:\/\/ansdanismanlik.com\/en\/wp-content\/uploads\/2-PROSLIFE-452x405.jpg 452w, https:\/\/ansdanismanlik.com\/en\/wp-content\/uploads\/2-PROSLIFE-168x150.jpg 168w, https:\/\/ansdanismanlik.com\/en\/wp-content\/uploads\/2-PROSLIFE.jpg 649w\" sizes=\"auto, (max-width: 251px) 100vw, 251px\" \/><\/h2>\n<h2 style=\"text-align: center;\"><b>Promoting Sustainable Lifestyles-PROSLIFE<\/b><\/h2>\n<p style=\"text-align: center;\"><b>2022-2-PL01-KA210-SCH-000098574<\/b><\/p>\n<p>&nbsp;<\/p>\n<p><b>Erasmus+KA210-Small scale partnerships in school education<\/b><\/p>\n<p><b>Project Start Date: <\/b><b>01.05.2023<\/b><\/p>\n<p><b>Project End Date: <\/b><b>30.09.2024<\/b><\/p>\n<p><b>EU Grant: <\/b><b>60.000 \u20ac<\/b><\/p>\n<p>&nbsp;<\/p>\n<p><b>Coordinator:<\/b><\/p>\n<p><b>Szko\u0142a Podstawowa Nr 11 im. mjr. Jana Piwnika \u201ePonurego\u201d w Starachowicach\u00a0 \u00a0 \u00a0 \u00a0 \u00a0 E10075526 (PL)<\/b><\/p>\n<p>&nbsp;<\/p>\n<p><b>Partners:<\/b><\/p>\n<p><b>-Osnovna \u0161kola Hugo Badali\u0107 \u00a0 \u00a0 \u00a0 \u00a0 \u00a0 \u00a0 E10104469 (HR)<\/b><\/p>\n<p><b>-Alytaus Piliakalnio progimnazija \u00a0 \u00a0 \u00a0 E10005714 (LT)<\/b><\/p>\n<p><b>-\u015eehit Necdet Al\u0131c\u0131 Ortaokulu\u00a0 \u00a0 \u00a0 \u00a0 \u00a0 \u00a0 \u00a0 E10292366\u00a0 (TR)<\/b><\/p>\n<p>&nbsp;<\/p>\n<p><strong>AIM:\u00a0<\/strong><\/p>\n<p><span style=\"font-weight: 400;\">This project, titled \u2018Promoting Sustainable Lifestyles\u2019 and acronym \u2018PROSLIFE\u2019 aims to promote sustainable lifestyles by empowering the knowledge and competencies of lower secondary school teachers to support their students for more sustainable societies.<\/span><\/p>\n<p><strong>OBJECTIVES:<\/strong><\/p>\n<p><span style=\"font-weight: 400;\">1) Promote sustainable development to satisfy the demand for students to acquire sustainable lifestyle mindsets\u00a0<\/span><\/p>\n<p><span style=\"font-weight: 400;\">2) Provide teachers with knowledge, values and key competences to enable students to become actors of change towards more sustainable lifestyle habits\u00a0\u00a0\u00a0<\/span><\/p>\n<p><span style=\"font-weight: 400;\">3) Address the identified needs of target groups and \u00a0 selected three priorities\u00a0<\/span><\/p>\n<p><span style=\"font-weight: 400;\">4) Support transformation and changes in teaching approaches with innovative tools<\/span><\/p>\n<p><span style=\"font-weight: 400;\">5) Encourage the newcomers and less experienced schools via increasing their motivation to step into cooperation with the Erasmus program<\/span><\/p>\n<p><span style=\"font-weight: 400;\">6) Support active European citizenship and bring the European dimension to the local level<\/span><\/p>\n<p><span style=\"font-weight: 400;\">7) Support the inclusion of target groups with fewer opportunities<\/span><\/p>\n<p><span style=\"font-weight: 400;\">8) Strengthen participant schools\u2019 capability in the school education field and international dimension and cooperation.<\/span><\/p>\n<p>&nbsp;<\/p>\n<p><strong>EXPECTED RESULTS<\/strong><\/p>\n<p><span style=\"font-weight: 400;\">1) Participating in professional learning and development opportunities via project activities, teachers\/educators will develop a deeper understanding of the SDGs, particularly SDG-12 (Responsible Consumption and Production).\u00a0 They will\u00a0 develop the knowledge, skills, values and attitudes that enable students to realize the consequences of their consumption habits and act to become sustainable consumers. They will rethink traditional methods and transform them with more effective pedagogies needed to address climate change issues. They will be more qualified at designing teaching resources which will empower students\u2019 key sustainability skills and attitudes.<\/span><\/p>\n<p><span style=\"font-weight: 400;\">2) Collaborating with international colleagues, teachers will get opportunity to exchange practice and school culture concerning sustainable lifestyles<\/span><\/p>\n<p><span style=\"font-weight: 400;\">3) Having raised awareness about ESD (Education for Sustainable Development), school leaders will support sustainable lifestyle education, active pedagogies and innovation in the classroom, foster sustainable consumption habits, provide opportunities to build the capacity of teachers, schools, and students for more sustainable societies.<\/span><\/p>\n<p>&nbsp;<\/p>\n<div class=\"relative-container\"><ul class=\"large-block-grid-3 rockthemes-wp-gallery\">\r\n\t\t\t\t<li><div class=\"relative-container rockthemes-hover azoom-small-box-shadow\"><img loading=\"lazy\" decoding=\"async\" width=\"540\" height=\"405\" src=\"https:\/\/ansdanismanlik.com\/en\/wp-content\/uploads\/3b-540x405.jpg\" class=\"attachment-main_medium size-main_medium\" alt=\"\" srcset=\"https:\/\/ansdanismanlik.com\/en\/wp-content\/uploads\/3b-540x405.jpg 540w, https:\/\/ansdanismanlik.com\/en\/wp-content\/uploads\/3b-200x150.jpg 200w, https:\/\/ansdanismanlik.com\/en\/wp-content\/uploads\/3b-720x540.jpg 720w, https:\/\/ansdanismanlik.com\/en\/wp-content\/uploads\/3b-360x270.jpg 360w\" sizes=\"auto, (max-width: 540px) 100vw, 540px\" \/>\r\n\t\t\t\t<div class=\"azoom-hover-container azoom-transition \">\r\n\t\t\t\r\n\t\t\t\t\t<div class=\"azoom-hover-effect\">\r\n\t\t\t\t\t\t<ul>\r\n\t\t\t\r\n\t\t\t\t<li class=\"rockthemes-hover-icon\">\t\t\t\r\n\t\t\t\t\t<a href=\"https:\/\/ansdanismanlik.com\/en\/wp-content\/uploads\/3b.jpg\" data-rel=\"prettyPhoto[lightbox_gallery_0]\">\r\n\t\t\t\t\t\t<i class=\"icomoon icomoon-icon-camera\"><\/i>\r\n\t\t\t\t\t<\/a>\r\n\t\t\t\t<\/li>\r\n\t\t\t\r\n\t\t\t\t<li class=\"rockthemes-hover-icon azoom-love-icon\" data-post-id=\"6278\">\t\t\t\r\n\t\t\t\t\t<a class=\"azoom-like\">\r\n\t\t\t\t\t\t<i class=\"icomoon icomoon-icon-heart\"><\/i>\r\n\t\t\t\t\t<\/a>\r\n\t\t\t\t<\/li>\r\n\t\t\t\r\n\t\t\t\t<li class=\"rockthemes-hover-icon right link-elem\">\r\n\t\t\t\t\t<a href=\"https:\/\/ansdanismanlik.com\/en\/promoting-sustainable-lifestyles-proslife\/attachment\/3b\">\r\n\t\t\t\t\t\t<i class=\"icomoon icomoon-icon-next15 animate-icon animate-to-right\"><\/i>\r\n\t\t\t\t\t<\/a>\r\n\t\t\t\t<\/li>\r\n\t\t\t\t\r\n\t\t\t\t\t<\/ul>\r\n\t\t\t\t<\/div>\r\n\t\t\t<\/div>\r\n\t\t\t<\/div><\/li>\r\n\t\t\t\r\n\t\t\t\t<li><div class=\"relative-container rockthemes-hover azoom-small-box-shadow\"><img loading=\"lazy\" decoding=\"async\" width=\"540\" height=\"405\" src=\"https:\/\/ansdanismanlik.com\/en\/wp-content\/uploads\/3c-540x405.jpg\" class=\"attachment-main_medium size-main_medium\" alt=\"\" srcset=\"https:\/\/ansdanismanlik.com\/en\/wp-content\/uploads\/3c-540x405.jpg 540w, https:\/\/ansdanismanlik.com\/en\/wp-content\/uploads\/3c-200x150.jpg 200w, https:\/\/ansdanismanlik.com\/en\/wp-content\/uploads\/3c-720x540.jpg 720w, https:\/\/ansdanismanlik.com\/en\/wp-content\/uploads\/3c-360x270.jpg 360w\" sizes=\"auto, (max-width: 540px) 100vw, 540px\" \/>\r\n\t\t\t\t<div class=\"azoom-hover-container azoom-transition \">\r\n\t\t\t\r\n\t\t\t\t\t<div class=\"azoom-hover-effect\">\r\n\t\t\t\t\t\t<ul>\r\n\t\t\t\r\n\t\t\t\t<li class=\"rockthemes-hover-icon\">\t\t\t\r\n\t\t\t\t\t<a href=\"https:\/\/ansdanismanlik.com\/en\/wp-content\/uploads\/3c.jpg\" data-rel=\"prettyPhoto[lightbox_gallery_0]\">\r\n\t\t\t\t\t\t<i class=\"icomoon icomoon-icon-camera\"><\/i>\r\n\t\t\t\t\t<\/a>\r\n\t\t\t\t<\/li>\r\n\t\t\t\r\n\t\t\t\t<li class=\"rockthemes-hover-icon azoom-love-icon\" data-post-id=\"6279\">\t\t\t\r\n\t\t\t\t\t<a class=\"azoom-like\">\r\n\t\t\t\t\t\t<i class=\"icomoon icomoon-icon-heart\"><\/i>\r\n\t\t\t\t\t<\/a>\r\n\t\t\t\t<\/li>\r\n\t\t\t\r\n\t\t\t\t<li class=\"rockthemes-hover-icon right link-elem\">\r\n\t\t\t\t\t<a href=\"https:\/\/ansdanismanlik.com\/en\/promoting-sustainable-lifestyles-proslife\/attachment\/3c\">\r\n\t\t\t\t\t\t<i class=\"icomoon icomoon-icon-next15 animate-icon animate-to-right\"><\/i>\r\n\t\t\t\t\t<\/a>\r\n\t\t\t\t<\/li>\r\n\t\t\t\t\r\n\t\t\t\t\t<\/ul>\r\n\t\t\t\t<\/div>\r\n\t\t\t<\/div>\r\n\t\t\t<\/div><\/li>\r\n\t\t\t\r\n\t\t\t\t<li><div class=\"relative-container rockthemes-hover azoom-small-box-shadow\"><img loading=\"lazy\" decoding=\"async\" width=\"540\" height=\"405\" src=\"https:\/\/ansdanismanlik.com\/en\/wp-content\/uploads\/3d-540x405.jpg\" class=\"attachment-main_medium size-main_medium\" alt=\"\" srcset=\"https:\/\/ansdanismanlik.com\/en\/wp-content\/uploads\/3d-540x405.jpg 540w, https:\/\/ansdanismanlik.com\/en\/wp-content\/uploads\/3d-200x150.jpg 200w, https:\/\/ansdanismanlik.com\/en\/wp-content\/uploads\/3d-360x270.jpg 360w\" sizes=\"auto, (max-width: 540px) 100vw, 540px\" \/>\r\n\t\t\t\t<div class=\"azoom-hover-container azoom-transition \">\r\n\t\t\t\r\n\t\t\t\t\t<div class=\"azoom-hover-effect\">\r\n\t\t\t\t\t\t<ul>\r\n\t\t\t\r\n\t\t\t\t<li class=\"rockthemes-hover-icon\">\t\t\t\r\n\t\t\t\t\t<a href=\"https:\/\/ansdanismanlik.com\/en\/wp-content\/uploads\/3d.jpg\" data-rel=\"prettyPhoto[lightbox_gallery_0]\">\r\n\t\t\t\t\t\t<i class=\"icomoon icomoon-icon-camera\"><\/i>\r\n\t\t\t\t\t<\/a>\r\n\t\t\t\t<\/li>\r\n\t\t\t\r\n\t\t\t\t<li class=\"rockthemes-hover-icon azoom-love-icon\" data-post-id=\"6280\">\t\t\t\r\n\t\t\t\t\t<a class=\"azoom-like\">\r\n\t\t\t\t\t\t<i class=\"icomoon icomoon-icon-heart\"><\/i>\r\n\t\t\t\t\t<\/a>\r\n\t\t\t\t<\/li>\r\n\t\t\t\r\n\t\t\t\t<li class=\"rockthemes-hover-icon right link-elem\">\r\n\t\t\t\t\t<a href=\"https:\/\/ansdanismanlik.com\/en\/promoting-sustainable-lifestyles-proslife\/attachment\/3d\">\r\n\t\t\t\t\t\t<i class=\"icomoon icomoon-icon-next15 animate-icon animate-to-right\"><\/i>\r\n\t\t\t\t\t<\/a>\r\n\t\t\t\t<\/li>\r\n\t\t\t\t\r\n\t\t\t\t\t<\/ul>\r\n\t\t\t\t<\/div>\r\n\t\t\t<\/div>\r\n\t\t\t<\/div><\/li>\r\n\t\t\t\r\n\t\t\t\t<li><div class=\"relative-container rockthemes-hover azoom-small-box-shadow\"><img loading=\"lazy\" decoding=\"async\" width=\"540\" height=\"405\" src=\"https:\/\/ansdanismanlik.com\/en\/wp-content\/uploads\/3a-1-540x405.jpg\" class=\"attachment-main_medium size-main_medium\" alt=\"\" srcset=\"https:\/\/ansdanismanlik.com\/en\/wp-content\/uploads\/3a-1-540x405.jpg 540w, https:\/\/ansdanismanlik.com\/en\/wp-content\/uploads\/3a-1-200x150.jpg 200w, https:\/\/ansdanismanlik.com\/en\/wp-content\/uploads\/3a-1-720x540.jpg 720w, https:\/\/ansdanismanlik.com\/en\/wp-content\/uploads\/3a-1-360x270.jpg 360w\" sizes=\"auto, (max-width: 540px) 100vw, 540px\" \/>\r\n\t\t\t\t<div class=\"azoom-hover-container azoom-transition \">\r\n\t\t\t\r\n\t\t\t\t\t<div class=\"azoom-hover-effect\">\r\n\t\t\t\t\t\t<ul>\r\n\t\t\t\r\n\t\t\t\t<li class=\"rockthemes-hover-icon\">\t\t\t\r\n\t\t\t\t\t<a href=\"https:\/\/ansdanismanlik.com\/en\/wp-content\/uploads\/3a-1.jpg\" data-rel=\"prettyPhoto[lightbox_gallery_0]\">\r\n\t\t\t\t\t\t<i class=\"icomoon icomoon-icon-camera\"><\/i>\r\n\t\t\t\t\t<\/a>\r\n\t\t\t\t<\/li>\r\n\t\t\t\r\n\t\t\t\t<li class=\"rockthemes-hover-icon azoom-love-icon\" data-post-id=\"6281\">\t\t\t\r\n\t\t\t\t\t<a class=\"azoom-like\">\r\n\t\t\t\t\t\t<i class=\"icomoon icomoon-icon-heart\"><\/i>\r\n\t\t\t\t\t<\/a>\r\n\t\t\t\t<\/li>\r\n\t\t\t\r\n\t\t\t\t<li class=\"rockthemes-hover-icon right link-elem\">\r\n\t\t\t\t\t<a href=\"https:\/\/ansdanismanlik.com\/en\/promoting-sustainable-lifestyles-proslife\/attachment\/3a-2\">\r\n\t\t\t\t\t\t<i class=\"icomoon icomoon-icon-next15 animate-icon animate-to-right\"><\/i>\r\n\t\t\t\t\t<\/a>\r\n\t\t\t\t<\/li>\r\n\t\t\t\t\r\n\t\t\t\t\t<\/ul>\r\n\t\t\t\t<\/div>\r\n\t\t\t<\/div>\r\n\t\t\t<\/div><\/li>\r\n\t\t\t<\/ul><\/div>\n","protected":false},"excerpt":{"rendered":"<p>Promoting Sustainable Lifestyles-PROSLIFE 2022-2-PL01-KA210-SCH-000098574 &nbsp; Erasmus+KA210-Small scale partnerships in school education Project Start Date: 01.05.2023 Project End Date: 30.09.2024 EU Grant: 60.000 \u20ac &nbsp; Coordinator: Szko\u0142a Podstawowa Nr 11 im. mjr. Jana Piwnika \u201ePonurego\u201d w Starachowicach\u00a0 \u00a0 \u00a0 \u00a0 \u00a0 E10075526 (PL) &nbsp; Partners: -Osnovna \u0161kola Hugo Badali\u0107 \u00a0 \u00a0 \u00a0 \u00a0 \u00a0 \u00a0 E10104469 [&hellip;]<\/p>\n","protected":false},"author":2,"featured_media":0,"parent":0,"menu_order":0,"comment_status":"closed","ping_status":"closed","template":"","meta":{"footnotes":""},"class_list":["post-6240","page","type-page","status-publish","hentry"],"aioseo_notices":[],"_links":{"self":[{"href":"https:\/\/ansdanismanlik.com\/en\/wp-json\/wp\/v2\/pages\/6240","targetHints":{"allow":["GET"]}}],"collection":[{"href":"https:\/\/ansdanismanlik.com\/en\/wp-json\/wp\/v2\/pages"}],"about":[{"href":"https:\/\/ansdanismanlik.com\/en\/wp-json\/wp\/v2\/types\/page"}],"author":[{"embeddable":true,"href":"https:\/\/ansdanismanlik.com\/en\/wp-json\/wp\/v2\/users\/2"}],"replies":[{"embeddable":true,"href":"https:\/\/ansdanismanlik.com\/en\/wp-json\/wp\/v2\/comments?post=6240"}],"version-history":[{"count":3,"href":"https:\/\/ansdanismanlik.com\/en\/wp-json\/wp\/v2\/pages\/6240\/revisions"}],"predecessor-version":[{"id":6282,"href":"https:\/\/ansdanismanlik.com\/en\/wp-json\/wp\/v2\/pages\/6240\/revisions\/6282"}],"wp:attachment":[{"href":"https:\/\/ansdanismanlik.com\/en\/wp-json\/wp\/v2\/media?parent=6240"}],"curies":[{"name":"wp","href":"https:\/\/api.w.org\/{rel}","templated":true}]}}