{"id":6580,"date":"2025-10-10T23:20:51","date_gmt":"2025-10-10T20:20:51","guid":{"rendered":"https:\/\/ansdanismanlik.com\/en\/?page_id=6580"},"modified":"2025-10-11T22:05:50","modified_gmt":"2025-10-11T19:05:50","slug":"sustainable-future-leaders-3","status":"publish","type":"page","link":"https:\/\/ansdanismanlik.com\/en\/sustainable-future-leaders-3","title":{"rendered":"Sustainable Future Leaders"},"content":{"rendered":"<p>&nbsp;<\/p>\n<p style=\"text-align: center;\"><strong><img loading=\"lazy\" decoding=\"async\" class=\"alignnone wp-image-6593\" src=\"https:\/\/ansdanismanlik.com\/en\/wp-content\/uploads\/WhatsApp-Gorsel-2025-08-25-saat-11.38.46_6967f980-405x405.jpg\" alt=\"\" width=\"186\" height=\"186\" srcset=\"https:\/\/ansdanismanlik.com\/en\/wp-content\/uploads\/WhatsApp-Gorsel-2025-08-25-saat-11.38.46_6967f980-405x405.jpg 405w, https:\/\/ansdanismanlik.com\/en\/wp-content\/uploads\/WhatsApp-Gorsel-2025-08-25-saat-11.38.46_6967f980-720x720.jpg 720w, https:\/\/ansdanismanlik.com\/en\/wp-content\/uploads\/WhatsApp-Gorsel-2025-08-25-saat-11.38.46_6967f980-150x150.jpg 150w, https:\/\/ansdanismanlik.com\/en\/wp-content\/uploads\/WhatsApp-Gorsel-2025-08-25-saat-11.38.46_6967f980-768x768.jpg 768w, https:\/\/ansdanismanlik.com\/en\/wp-content\/uploads\/WhatsApp-Gorsel-2025-08-25-saat-11.38.46_6967f980-100x100.jpg 100w, https:\/\/ansdanismanlik.com\/en\/wp-content\/uploads\/WhatsApp-Gorsel-2025-08-25-saat-11.38.46_6967f980.jpg 1024w\" sizes=\"auto, (max-width: 186px) 100vw, 186px\" \/><\/strong><\/p>\n<p>&nbsp;<\/p>\n<p>&nbsp;<\/p>\n<p style=\"text-align: center;\"><strong>Sustainable Future Leaders &#8211; Empowering Youth Workers for a Green Tomorrow\u00a0<\/strong><\/p>\n<p style=\"text-align: center;\"><strong>2025-1-PL01-KA153-YOU-000300021<\/strong><\/p>\n<p><strong>Erasmus+ KA153-Mobility of Youth Workers<\/strong><\/p>\n<p><strong>Start Date:01\/06\/2025<\/strong><\/p>\n<p><strong>End Date: 31\/10\/2025<\/strong><\/p>\n<p><strong>EU Grant:33.903,00 EUR<\/strong><\/p>\n<p><strong>\u00a0<\/strong><\/p>\n<p><strong>Coordinator:<\/strong><\/p>\n<p><strong>Helios (Poland) <\/strong><\/p>\n<p><strong>\u00a0<\/strong><\/p>\n<p><strong>Partners:<\/strong><\/p>\n<p><strong>Rae Vallavalitsus (Estonia) <\/strong><\/p>\n<p><strong>VsI &#8220;uMunthu&#8221; (Lithuania)\u00a0 <\/strong><\/p>\n<p><strong>Climate Volunteers (Turkey)<\/strong><\/p>\n<p><strong>&#8220;H2O&#8221;-Associa\u00e7\u00e3o de Jovens de Arrouquelas (Portugal)<\/strong><\/p>\n<p><strong>Asociatia de Turism si Ecologie pentru Tineret ZIMBRUL CARPATIN (Romania)<\/strong><\/p>\n<p><strong>Budapesti Egyes\u00fclet a Nemzetk\u00f6zi Sport\u00e9rt (Hungary)<\/strong><\/p>\n<p><strong>ASSOCIATION FOR ENVIRONMENTAL PROTECTION AND IMPROVEMENT EKO-ZHIVOT KAVADARCI (North Macedonia)<\/strong><\/p>\n<p><strong>\u00a0<\/strong><\/p>\n<p>Sustainable Future Leaders &#8211; Empowering Youth Workers for a Green Tomorrow is a Training Course project aiming to cultivate a proactive community of youth workers skilled in sustainable practices and inclusion, who will disseminate these values within their organizations and broader communities.<\/p>\n<p><strong>Main Objectives<\/strong><\/p>\n<ol>\n<li><em> Capacity Building for Green Youth Workers<\/em><\/li>\n<\/ol>\n<p>&#8211; Foster Leadership Skills: Train youth workers to guide eco-friendly choices with an inclusive approach.<\/p>\n<p>&#8211; Promote Digital Storytelling: Equip youth workers with tools to share inclusive environmental stories digitally.<\/p>\n<p>&#8211; Green Non-Formal Education: Provide youth workers with green-themed active learning methods.<\/p>\n<p>&#8211; Erasmus+ Framework Understanding: Train youth workers on Erasmus+ sustainability opportunities.<\/p>\n<p>&#8211; Digital Competencies for Green Work: Equip youth workers with digital tools for sustainability education.<\/p>\n<ol start=\"2\">\n<li><em> Collaborative Environmental Advocacy<\/em><\/li>\n<\/ol>\n<p>&#8211; Enhance Advocacy Skills: Empower youth workers to champion environmental policies at all levels.<\/p>\n<p>&#8211; European Citizenship: Highlight shared environmental challenges and foster collaboration across member states.<\/p>\n<p>&#8211; Cross-Cultural Exchanges: Encourage the exchange of sustainability best practices among European regions.<\/p>\n<p>&#8211; European Network of Green Workers: Build a pan-European network for collaborative green youth initiatives.<\/p>\n<p>&#8211; European Values in Green Work: Infuse sustainability projects with European values of democracy, inclusion, and<\/p>\n<p>solidarity.<\/p>\n<p><strong>\u00a0<\/strong><\/p>\n<p><strong>Achievement Projects<\/strong><\/p>\n<ol>\n<li>Innovative Sustainability Initiatives:<\/li>\n<\/ol>\n<p>The creation of the Eco-Leaders Game Kit: Develop an immersive blend of actionable guidelines and interactive learning tools<\/p>\n<p>tailored for youth workers.<\/p>\n<p>2. Components of Eco-Leaders Game Kit:<\/p>\n<p>&#8211; Interactive Guidelines &amp; Best Practices<\/p>\n<p>&#8211; Eco-Choice Checklists<\/p>\n<p>&#8211; Inclusive Leadership Challenge<\/p>\n<p>&#8211; Eco-Centric Game Collection<\/p>\n<p>&#8211; Barrier Breaker Scenarios<\/p>\n<p>&#8211; Collaborative Module<\/p>\n<p>&nbsp;<\/p>\n<p><img loading=\"lazy\" decoding=\"async\" class=\" wp-image-6595 aligncenter\" src=\"https:\/\/ansdanismanlik.com\/en\/wp-content\/uploads\/PXL_20250830_115448524-540x338.jpg\" alt=\"\" width=\"582\" height=\"364\" srcset=\"https:\/\/ansdanismanlik.com\/en\/wp-content\/uploads\/PXL_20250830_115448524-540x338.jpg 540w, https:\/\/ansdanismanlik.com\/en\/wp-content\/uploads\/PXL_20250830_115448524-960x601.jpg 960w, https:\/\/ansdanismanlik.com\/en\/wp-content\/uploads\/PXL_20250830_115448524-200x125.jpg 200w, https:\/\/ansdanismanlik.com\/en\/wp-content\/uploads\/PXL_20250830_115448524-768x481.jpg 768w, https:\/\/ansdanismanlik.com\/en\/wp-content\/uploads\/PXL_20250830_115448524.jpg 1224w\" sizes=\"auto, (max-width: 582px) 100vw, 582px\" \/><\/p>\n<p><img loading=\"lazy\" decoding=\"async\" class=\"alignnone size-medium wp-image-6597\" src=\"https:\/\/ansdanismanlik.com\/en\/wp-content\/uploads\/IMG-20250827-WA0015-379x405.jpg\" alt=\"\" width=\"379\" height=\"405\" srcset=\"https:\/\/ansdanismanlik.com\/en\/wp-content\/uploads\/IMG-20250827-WA0015-379x405.jpg 379w, https:\/\/ansdanismanlik.com\/en\/wp-content\/uploads\/IMG-20250827-WA0015-674x720.jpg 674w, https:\/\/ansdanismanlik.com\/en\/wp-content\/uploads\/IMG-20250827-WA0015-140x150.jpg 140w, https:\/\/ansdanismanlik.com\/en\/wp-content\/uploads\/IMG-20250827-WA0015-768x821.jpg 768w, https:\/\/ansdanismanlik.com\/en\/wp-content\/uploads\/IMG-20250827-WA0015-1010x1080.jpg 1010w, https:\/\/ansdanismanlik.com\/en\/wp-content\/uploads\/IMG-20250827-WA0015.jpg 1292w\" sizes=\"auto, (max-width: 379px) 100vw, 379px\" \/>\u00a0 \u00a0 <img loading=\"lazy\" decoding=\"async\" class=\"alignnone size-medium wp-image-6598\" src=\"https:\/\/ansdanismanlik.com\/en\/wp-content\/uploads\/PXL_20250826_084000112-304x405.jpg\" alt=\"\" width=\"304\" height=\"405\" srcset=\"https:\/\/ansdanismanlik.com\/en\/wp-content\/uploads\/PXL_20250826_084000112-304x405.jpg 304w, https:\/\/ansdanismanlik.com\/en\/wp-content\/uploads\/PXL_20250826_084000112-541x720.jpg 541w, https:\/\/ansdanismanlik.com\/en\/wp-content\/uploads\/PXL_20250826_084000112-113x150.jpg 113w, https:\/\/ansdanismanlik.com\/en\/wp-content\/uploads\/PXL_20250826_084000112.jpg 690w\" sizes=\"auto, (max-width: 304px) 100vw, 304px\" \/>\u00a0 \u00a0 <img loading=\"lazy\" decoding=\"async\" class=\"alignnone size-medium wp-image-6599\" src=\"https:\/\/ansdanismanlik.com\/en\/wp-content\/uploads\/PXL_20250829_103436762-304x405.jpg\" alt=\"\" width=\"304\" height=\"405\" srcset=\"https:\/\/ansdanismanlik.com\/en\/wp-content\/uploads\/PXL_20250829_103436762-304x405.jpg 304w, https:\/\/ansdanismanlik.com\/en\/wp-content\/uploads\/PXL_20250829_103436762-541x720.jpg 541w, https:\/\/ansdanismanlik.com\/en\/wp-content\/uploads\/PXL_20250829_103436762-113x150.jpg 113w, https:\/\/ansdanismanlik.com\/en\/wp-content\/uploads\/PXL_20250829_103436762.jpg 690w\" sizes=\"auto, (max-width: 304px) 100vw, 304px\" \/><\/p>\n<p>&nbsp;<\/p>\n","protected":false},"excerpt":{"rendered":"<p>&nbsp; &nbsp; &nbsp; Sustainable Future Leaders &#8211; Empowering Youth Workers for a Green Tomorrow\u00a0 2025-1-PL01-KA153-YOU-000300021 Erasmus+ KA153-Mobility of Youth Workers Start Date:01\/06\/2025 End Date: 31\/10\/2025 EU Grant:33.903,00 EUR \u00a0 Coordinator: Helios (Poland) \u00a0 Partners: Rae Vallavalitsus (Estonia) VsI &#8220;uMunthu&#8221; (Lithuania)\u00a0 Climate Volunteers (Turkey) &#8220;H2O&#8221;-Associa\u00e7\u00e3o de Jovens de Arrouquelas (Portugal) Asociatia de Turism si Ecologie pentru [&hellip;]<\/p>\n","protected":false},"author":2,"featured_media":0,"parent":0,"menu_order":0,"comment_status":"closed","ping_status":"closed","template":"","meta":{"footnotes":""},"class_list":["post-6580","page","type-page","status-publish","hentry"],"aioseo_notices":[],"_links":{"self":[{"href":"https:\/\/ansdanismanlik.com\/en\/wp-json\/wp\/v2\/pages\/6580","targetHints":{"allow":["GET"]}}],"collection":[{"href":"https:\/\/ansdanismanlik.com\/en\/wp-json\/wp\/v2\/pages"}],"about":[{"href":"https:\/\/ansdanismanlik.com\/en\/wp-json\/wp\/v2\/types\/page"}],"author":[{"embeddable":true,"href":"https:\/\/ansdanismanlik.com\/en\/wp-json\/wp\/v2\/users\/2"}],"replies":[{"embeddable":true,"href":"https:\/\/ansdanismanlik.com\/en\/wp-json\/wp\/v2\/comments?post=6580"}],"version-history":[{"count":5,"href":"https:\/\/ansdanismanlik.com\/en\/wp-json\/wp\/v2\/pages\/6580\/revisions"}],"predecessor-version":[{"id":6603,"href":"https:\/\/ansdanismanlik.com\/en\/wp-json\/wp\/v2\/pages\/6580\/revisions\/6603"}],"wp:attachment":[{"href":"https:\/\/ansdanismanlik.com\/en\/wp-json\/wp\/v2\/media?parent=6580"}],"curies":[{"name":"wp","href":"https:\/\/api.w.org\/{rel}","templated":true}]}}